{"id":108,"date":"2025-11-14T16:34:02","date_gmt":"2025-11-14T15:34:02","guid":{"rendered":"https:\/\/tso-industrieanlagen.de\/?page_id=108"},"modified":"2026-01-23T16:32:28","modified_gmt":"2026-01-23T15:32:28","slug":"filtertechnik","status":"publish","type":"page","link":"https:\/\/tso-industrieanlagen.de\/index.php\/filtertechnik\/","title":{"rendered":"Filtertechnik"},"content":{"rendered":"\n<figure class=\"wp-block-image size-full is-resized\"><img loading=\"lazy\" decoding=\"async\" width=\"603\" height=\"187\" src=\"https:\/\/tso-industrieanlagen.de\/wp-content\/uploads\/2025\/11\/tso1.png\" alt=\"Das Bild zeigt zwei industrielle Produktionsanlagen. Auf der linken Seite ist ein F\u00f6rderband zu sehen, das \u00fcber einen H\u00fcgel von Material f\u00fchrt, vermutlich Kalk oder ein anderes mineralisches Produkt. Im Hintergrund erkennt man eine gro\u00dfe Fabrikanlage. Auf der rechten Seite ist eine detaillierte Ansicht eines komplexen Maschinen- und F\u00f6rdersystems innerhalb einer Produktionshalle, das f\u00fcr die Verarbeitung und Handhabung von Materialien konzipiert ist. Diese Anlagen sind Teil eines modernen industriellen Prozesses zur Herstellung und Verarbeitung von Rohstoffen.\" class=\"wp-image-33\" style=\"width:800px;height:auto\" srcset=\"https:\/\/tso-industrieanlagen.de\/wp-content\/uploads\/2025\/11\/tso1.png 603w, https:\/\/tso-industrieanlagen.de\/wp-content\/uploads\/2025\/11\/tso1-300x93.png 300w\" sizes=\"auto, (max-width: 603px) 100vw, 603px\" \/><\/figure>\n\n\n\n<h2 class=\"wp-block-heading\">Filtertechnik<\/h2>\n\n\n\n<p><strong>Reihenfilter<\/strong><\/p>\n\n\n\n<div class=\"wp-block-columns is-layout-flex wp-container-core-columns-is-layout-28f84493 wp-block-columns-is-layout-flex\">\n<div class=\"wp-block-column is-layout-flow wp-block-column-is-layout-flow\">\n<figure class=\"wp-block-image size-full is-resized\"><img loading=\"lazy\" decoding=\"async\" width=\"300\" height=\"186\" src=\"https:\/\/tso-industrieanlagen.de\/wp-content\/uploads\/2025\/11\/Reihen_Prozess1.jpg\" alt=\"Gro\u00dfer, verzinkter Reihenfilter in einer Werkhalle, bestehend aus mehreren trapezf\u00f6rmigen Filtermodulen, montiert auf einem blauen Stahlgestell.\" class=\"wp-image-86\" style=\"width:388px;height:auto\"\/><\/figure>\n<\/div>\n\n\n\n<div class=\"wp-block-column is-vertically-aligned-center is-layout-flow wp-block-column-is-layout-flow\">\n<p><strong>Prozessfilter<\/strong><\/p>\n<\/div>\n<\/div>\n\n\n\n<div class=\"wp-block-columns is-layout-flex wp-container-core-columns-is-layout-28f84493 wp-block-columns-is-layout-flex\">\n<div class=\"wp-block-column is-layout-flow wp-block-column-is-layout-flow\">\n<figure class=\"wp-block-image size-full is-resized\"><img loading=\"lazy\" decoding=\"async\" width=\"300\" height=\"186\" src=\"https:\/\/tso-industrieanlagen.de\/wp-content\/uploads\/2025\/11\/Reihen_Prozess2.jpg\" alt=\"Langer, metallischer Prozessfilter mit umlaufendem Wartungssteg und Gel\u00e4nder, installiert in einer Industriehalle.\" class=\"wp-image-87\" style=\"width:388px;height:auto\"\/><\/figure>\n<\/div>\n\n\n\n<div class=\"wp-block-column is-vertically-aligned-center is-layout-flow wp-block-column-is-layout-flow\">\n<p><strong>Prozessfilter<\/strong><\/p>\n<\/div>\n<\/div>\n\n\n\n<div class=\"wp-block-columns is-layout-flex wp-container-core-columns-is-layout-28f84493 wp-block-columns-is-layout-flex\">\n<div class=\"wp-block-column is-layout-flow wp-block-column-is-layout-flow\">\n<figure class=\"wp-block-image size-full is-resized\"><img loading=\"lazy\" decoding=\"async\" width=\"300\" height=\"186\" src=\"https:\/\/tso-industrieanlagen.de\/wp-content\/uploads\/2025\/11\/Reihen_Staub.jpg\" alt=\"Gro\u00dfer, wei\u00dfer Staubfilter in einer mehrst\u00f6ckigen Anlagenkonstruktion, umgeben von Plattformen und Wartungszug\u00e4ngen.\" class=\"wp-image-81\" style=\"width:388px;height:auto\"\/><\/figure>\n<\/div>\n\n\n\n<div class=\"wp-block-column is-vertically-aligned-center is-layout-flow wp-block-column-is-layout-flow\">\n<p><strong>Allgemeine Staubfilter<\/strong><\/p>\n<\/div>\n<\/div>\n\n\n\n<div class=\"wp-block-columns is-layout-flex wp-container-core-columns-is-layout-28f84493 wp-block-columns-is-layout-flex\">\n<div class=\"wp-block-column is-layout-flow wp-block-column-is-layout-flow\">\n<figure class=\"wp-block-image size-full is-resized\"><img loading=\"lazy\" decoding=\"async\" width=\"300\" height=\"186\" src=\"https:\/\/tso-industrieanlagen.de\/wp-content\/uploads\/2025\/11\/Reihen_Silo1.jpg\" alt=\"Gro\u00dfer, verzinkter Siloaufsatzfilter in quaderf\u00f6rmiger Bauweise, montiert auf einer Palette in einer Werkhalle.\" class=\"wp-image-88\" style=\"width:388px;height:auto\"\/><\/figure>\n<\/div>\n\n\n\n<div class=\"wp-block-column is-vertically-aligned-center is-layout-flow wp-block-column-is-layout-flow\">\n<p><strong>Siloaufsatzfilter<\/strong><\/p>\n<\/div>\n<\/div>\n\n\n\n<div class=\"wp-block-columns is-layout-flex wp-container-core-columns-is-layout-28f84493 wp-block-columns-is-layout-flex\">\n<div class=\"wp-block-column is-layout-flow wp-block-column-is-layout-flow\">\n<figure class=\"wp-block-image size-full is-resized\"><img loading=\"lazy\" decoding=\"async\" width=\"300\" height=\"186\" src=\"https:\/\/tso-industrieanlagen.de\/wp-content\/uploads\/2025\/11\/Reihen_Silo2.jpg\" alt=\"Drei kompakte, blau lackierte Siloaufsatzfilter mit Anzeigen und Anschl\u00fcssen, nebeneinander auf Paletten in einer Halle aufgestellt.\" class=\"wp-image-80\" style=\"width:388px;height:auto\"\/><\/figure>\n<\/div>\n\n\n\n<div class=\"wp-block-column is-vertically-aligned-center is-layout-flow wp-block-column-is-layout-flow\">\n<p><strong>Siloaufsatzfilter<\/strong><\/p>\n<\/div>\n<\/div>\n","protected":false},"excerpt":{"rendered":"<p>Filtertechnik Reihenfilter Prozessfilter Prozessfilter Allgemeine Staubfilter Siloaufsatzfilter Siloaufsatzfilter<\/p>\n","protected":false},"author":1,"featured_media":0,"parent":0,"menu_order":0,"comment_status":"closed","ping_status":"closed","template":"","meta":{"footnotes":""},"class_list":["post-108","page","type-page","status-publish","hentry"],"_links":{"self":[{"href":"https:\/\/tso-industrieanlagen.de\/index.php\/wp-json\/wp\/v2\/pages\/108","targetHints":{"allow":["GET"]}}],"collection":[{"href":"https:\/\/tso-industrieanlagen.de\/index.php\/wp-json\/wp\/v2\/pages"}],"about":[{"href":"https:\/\/tso-industrieanlagen.de\/index.php\/wp-json\/wp\/v2\/types\/page"}],"author":[{"embeddable":true,"href":"https:\/\/tso-industrieanlagen.de\/index.php\/wp-json\/wp\/v2\/users\/1"}],"replies":[{"embeddable":true,"href":"https:\/\/tso-industrieanlagen.de\/index.php\/wp-json\/wp\/v2\/comments?post=108"}],"version-history":[{"count":5,"href":"https:\/\/tso-industrieanlagen.de\/index.php\/wp-json\/wp\/v2\/pages\/108\/revisions"}],"predecessor-version":[{"id":694,"href":"https:\/\/tso-industrieanlagen.de\/index.php\/wp-json\/wp\/v2\/pages\/108\/revisions\/694"}],"wp:attachment":[{"href":"https:\/\/tso-industrieanlagen.de\/index.php\/wp-json\/wp\/v2\/media?parent=108"}],"curies":[{"name":"wp","href":"https:\/\/api.w.org\/{rel}","templated":true}]}}