{"id":124,"date":"2025-11-17T10:37:14","date_gmt":"2025-11-17T09:37:14","guid":{"rendered":"https:\/\/tso-industrieanlagen.de\/?page_id=124"},"modified":"2026-02-27T13:34:38","modified_gmt":"2026-02-27T12:34:38","slug":"foerdertechnik","status":"publish","type":"page","link":"https:\/\/tso-industrieanlagen.de\/index.php\/foerdertechnik\/","title":{"rendered":"F\u00f6rdertechnik"},"content":{"rendered":"\n<figure class=\"wp-block-image size-full is-resized\"><img loading=\"lazy\" decoding=\"async\" width=\"603\" height=\"187\" src=\"https:\/\/tso-industrieanlagen.de\/wp-content\/uploads\/2025\/11\/tso1.png\" alt=\"Das Bild zeigt zwei industrielle Produktionsanlagen. Auf der linken Seite ist ein F\u00f6rderband zu sehen, das \u00fcber einen H\u00fcgel von Material f\u00fchrt, vermutlich Kalk oder ein anderes mineralisches Produkt. Im Hintergrund erkennt man eine gro\u00dfe Fabrikanlage. Auf der rechten Seite ist eine detaillierte Ansicht eines komplexen Maschinen- und F\u00f6rdersystems innerhalb einer Produktionshalle, das f\u00fcr die Verarbeitung und Handhabung von Materialien konzipiert ist. Diese Anlagen sind Teil eines modernen industriellen Prozesses zur Herstellung und Verarbeitung von Rohstoffen.\" class=\"wp-image-33\" style=\"width:800px;height:auto\" srcset=\"https:\/\/tso-industrieanlagen.de\/wp-content\/uploads\/2025\/11\/tso1.png 603w, https:\/\/tso-industrieanlagen.de\/wp-content\/uploads\/2025\/11\/tso1-300x93.png 300w\" sizes=\"auto, (max-width: 603px) 100vw, 603px\" \/><\/figure>\n\n\n\n<h2 class=\"wp-block-heading\">F\u00f6rdertechnik und Anlagenbau<\/h2>\n\n\n\n<figure class=\"wp-block-image size-large\"><img loading=\"lazy\" decoding=\"async\" width=\"1024\" height=\"577\" src=\"https:\/\/tso-industrieanlagen.de\/wp-content\/uploads\/2026\/02\/Trogschnecken-2-1024x577.jpg\" alt=\"\" class=\"wp-image-790\" srcset=\"https:\/\/tso-industrieanlagen.de\/wp-content\/uploads\/2026\/02\/Trogschnecken-2-1024x577.jpg 1024w, https:\/\/tso-industrieanlagen.de\/wp-content\/uploads\/2026\/02\/Trogschnecken-2-300x169.jpg 300w, https:\/\/tso-industrieanlagen.de\/wp-content\/uploads\/2026\/02\/Trogschnecken-2-768x432.jpg 768w, https:\/\/tso-industrieanlagen.de\/wp-content\/uploads\/2026\/02\/Trogschnecken-2-1536x865.jpg 1536w, https:\/\/tso-industrieanlagen.de\/wp-content\/uploads\/2026\/02\/Trogschnecken-2-2048x1153.jpg 2048w\" sizes=\"auto, (max-width: 1024px) 100vw, 1024px\" \/><\/figure>\n\n\n\n<p><strong>F\u00f6rderschnecken<\/strong><\/p>\n\n\n\n<p>Trog- und Rohrschnecken zum Bef\u00f6rdern von Sch\u00fcttg\u00fctern.<\/p>\n\n\n\n<p>Gr\u00f6\u00dfen von bis und L\u00e4ngen bis zu <\/p>\n\n\n\n<p>Massive und langlebige Bauweise<\/p>\n\n\n\n<div class=\"wp-block-columns is-layout-flex wp-container-core-columns-is-layout-28f84493 wp-block-columns-is-layout-flex\">\n<div class=\"wp-block-column is-layout-flow wp-block-column-is-layout-flow\">\n<figure class=\"wp-block-image size-full is-resized\"><img loading=\"lazy\" decoding=\"async\" width=\"300\" height=\"186\" src=\"https:\/\/tso-industrieanlagen.de\/wp-content\/uploads\/2025\/11\/f_trogschnecken.jpg\" alt=\"Lange, waagerecht montierte Trogschnecken aus hellem Metall, mit mehreren Antrieben und Aufh\u00e4ngungen, aufgebaut in einer gro\u00dfen Werkhalle.\" class=\"wp-image-99\" style=\"width:388px;height:auto\"\/><\/figure>\n<\/div>\n\n\n\n<div class=\"wp-block-column is-vertically-aligned-center is-layout-flow wp-block-column-is-layout-flow\">\n<p class=\"has-text-align-left\"><strong>Trogschnecken<\/strong><\/p>\n<\/div>\n<\/div>\n\n\n\n<div class=\"wp-block-columns is-layout-flex wp-container-core-columns-is-layout-28f84493 wp-block-columns-is-layout-flex\">\n<div class=\"wp-block-column is-layout-flow wp-block-column-is-layout-flow\">\n<p><strong>Becherwerke<\/strong><\/p>\n\n\n\n<p>Gurt- und Kettenbecherwerke.<\/p>\n\n\n\n<p>Gr\u00f6\u00dfen von bis und L\u00e4ngen bis zu<\/p>\n\n\n\n<p>Massive und langlebige Bauweise<\/p>\n<\/div>\n<\/div>\n\n\n\n<div class=\"wp-block-columns is-layout-flex wp-container-core-columns-is-layout-28f84493 wp-block-columns-is-layout-flex\">\n<div class=\"wp-block-column is-layout-flow wp-block-column-is-layout-flow\">\n<figure class=\"wp-block-image size-full is-resized\"><img loading=\"lazy\" decoding=\"async\" width=\"300\" height=\"346\" src=\"https:\/\/tso-industrieanlagen.de\/wp-content\/uploads\/2025\/11\/f_kettenelevator.jpg\" alt=\"Gro\u00dfer, vertikaler Kettenelevator in heller Lackierung, mit abgerundetem Geh\u00e4use und angeschlossenen F\u00f6rderleitungen, installiert in einer Industrieanlage.\" class=\"wp-image-97\" style=\"width:388px;height:auto\" srcset=\"https:\/\/tso-industrieanlagen.de\/wp-content\/uploads\/2025\/11\/f_kettenelevator.jpg 300w, https:\/\/tso-industrieanlagen.de\/wp-content\/uploads\/2025\/11\/f_kettenelevator-260x300.jpg 260w\" sizes=\"auto, (max-width: 300px) 100vw, 300px\" \/><\/figure>\n<\/div>\n\n\n\n<div class=\"wp-block-column is-vertically-aligned-center is-layout-flow wp-block-column-is-layout-flow\">\n<p class=\"has-text-align-left\"><strong>Kettenelevatoren<\/strong><\/p>\n<\/div>\n<\/div>\n\n\n\n<div class=\"wp-block-columns is-layout-flex wp-container-core-columns-is-layout-28f84493 wp-block-columns-is-layout-flex\">\n<div class=\"wp-block-column is-layout-flow wp-block-column-is-layout-flow\">\n<figure class=\"wp-block-image size-full is-resized\"><img loading=\"lazy\" decoding=\"async\" width=\"1712\" height=\"1368\" src=\"https:\/\/tso-industrieanlagen.de\/wp-content\/uploads\/2026\/01\/P6270016.jpg\" alt=\"\" class=\"wp-image-571\" style=\"width:388px;height:auto\" srcset=\"https:\/\/tso-industrieanlagen.de\/wp-content\/uploads\/2026\/01\/P6270016.jpg 1712w, https:\/\/tso-industrieanlagen.de\/wp-content\/uploads\/2026\/01\/P6270016-300x240.jpg 300w, https:\/\/tso-industrieanlagen.de\/wp-content\/uploads\/2026\/01\/P6270016-1024x818.jpg 1024w, https:\/\/tso-industrieanlagen.de\/wp-content\/uploads\/2026\/01\/P6270016-768x614.jpg 768w, https:\/\/tso-industrieanlagen.de\/wp-content\/uploads\/2026\/01\/P6270016-1536x1227.jpg 1536w\" sizes=\"auto, (max-width: 1712px) 100vw, 1712px\" \/><\/figure>\n<\/div>\n\n\n\n<div class=\"wp-block-column is-vertically-aligned-center is-layout-flow wp-block-column-is-layout-flow\">\n<p class=\"has-text-align-left\"><strong>Kettenelevatoren<\/strong><\/p>\n<\/div>\n<\/div>\n\n\n\n<p><strong>Trogkettenf\u00f6rderer<\/strong><\/p>\n\n\n\n<p>Gr\u00f6\u00dfen von bis und L\u00e4ngen bis zu<\/p>\n\n\n\n<p>Massive und langlebige Bauweise<\/p>\n\n\n\n<div class=\"wp-block-columns is-layout-flex wp-container-core-columns-is-layout-28f84493 wp-block-columns-is-layout-flex\">\n<div class=\"wp-block-column is-layout-flow wp-block-column-is-layout-flow\">\n<figure class=\"wp-block-image size-full is-resized\"><img loading=\"lazy\" decoding=\"async\" width=\"300\" height=\"186\" src=\"https:\/\/tso-industrieanlagen.de\/wp-content\/uploads\/2025\/11\/f_trogkettenfoerderer.jpg\" alt=\"Nahaufnahme mehrerer parallel angeordneter Trogkettenf\u00f6rderer aus hellem Metall, montiert unter einer gro\u00dfen Stahlkonstruktion.\" class=\"wp-image-98\" style=\"width:388px;height:auto\"\/><\/figure>\n<\/div>\n\n\n\n<div class=\"wp-block-column is-vertically-aligned-center is-layout-flow wp-block-column-is-layout-flow\">\n<p class=\"has-text-align-left\"><strong>Trogkettenf\u00f6rderer<\/strong><\/p>\n<\/div>\n<\/div>\n\n\n\n<p><strong>Bandanlagen \/ F\u00f6rderb\u00e4nder<\/strong><\/p>\n\n\n\n<p>Gr\u00f6\u00dfen von bis und L\u00e4ngen bis zu<\/p>\n\n\n\n<p>Massive und langlebige Bauweise<\/p>\n\n\n\n<div class=\"wp-block-columns is-layout-flex wp-container-core-columns-is-layout-28f84493 wp-block-columns-is-layout-flex\">\n<div class=\"wp-block-column is-layout-flow wp-block-column-is-layout-flow\">\n<figure class=\"wp-block-image size-full is-resized\"><img loading=\"lazy\" decoding=\"async\" width=\"300\" height=\"186\" src=\"https:\/\/tso-industrieanlagen.de\/wp-content\/uploads\/2025\/11\/f_bandanlagen1.jpg\" alt=\"Lange Bandanlage mit mehreren gro\u00dfen Beschickungsbeh\u00e4ltern auf einem erh\u00f6hten Stahlger\u00fcst, umgeben von hellem Sch\u00fcttgut in einer offenen Industrieumgebung.\" class=\"wp-image-93\" style=\"width:388px;height:auto\"\/><\/figure>\n<\/div>\n\n\n\n<div class=\"wp-block-column is-vertically-aligned-center is-layout-flow wp-block-column-is-layout-flow\">\n<p class=\"has-text-align-left\"><strong>Bandanlagen<\/strong><\/p>\n<\/div>\n<\/div>\n\n\n\n<div class=\"wp-block-columns is-layout-flex wp-container-core-columns-is-layout-28f84493 wp-block-columns-is-layout-flex\">\n<div class=\"wp-block-column is-layout-flow wp-block-column-is-layout-flow\">\n<figure class=\"wp-block-image size-full is-resized\"><img loading=\"lazy\" decoding=\"async\" width=\"300\" height=\"186\" src=\"https:\/\/tso-industrieanlagen.de\/wp-content\/uploads\/2025\/11\/f_bandanlagen2.jpg\" alt=\"Schr\u00e4g verlaufendes F\u00f6rderband zwischen zwei gelben St\u00fctzger\u00fcsten, installiert in einem weitl\u00e4ufigen Au\u00dfenbereich mit Sch\u00fcttguthalden und Geb\u00e4uden im Hintergrund.\" class=\"wp-image-94\" style=\"width:388px;height:auto\"\/><\/figure>\n<\/div>\n\n\n\n<div class=\"wp-block-column is-vertically-aligned-center is-layout-flow wp-block-column-is-layout-flow\">\n<p class=\"has-text-align-left\"><strong>Bandanlagen<\/strong><\/p>\n<\/div>\n<\/div>\n\n\n\n<div class=\"wp-block-columns is-layout-flex wp-container-core-columns-is-layout-28f84493 wp-block-columns-is-layout-flex\">\n<div class=\"wp-block-column is-layout-flow wp-block-column-is-layout-flow\">\n<figure class=\"wp-block-image size-full is-resized\"><img loading=\"lazy\" decoding=\"async\" width=\"300\" height=\"186\" src=\"https:\/\/tso-industrieanlagen.de\/wp-content\/uploads\/2025\/11\/f_bandanlagen3.jpg\" alt=\"Innenansicht einer Bandanlage mit mehreren hellen, schr\u00e4g verlaufenden F\u00f6rderrohren und Gestellen, abgesichert durch ein umlaufendes Metallgitter.\" class=\"wp-image-95\" style=\"width:388px;height:auto\"\/><\/figure>\n<\/div>\n\n\n\n<div class=\"wp-block-column is-vertically-aligned-center is-layout-flow wp-block-column-is-layout-flow\">\n<p class=\"has-text-align-left\"><strong>Bandanlagen<\/strong><\/p>\n<\/div>\n<\/div>\n\n\n\n<p><strong>Flexowellgurtf\u00f6rderer<\/strong><\/p>\n\n\n\n<p>Gr\u00f6\u00dfen von bis und L\u00e4ngen bis zu<\/p>\n\n\n\n<p>Massive und langlebige Bauweise<\/p>\n\n\n\n<div class=\"wp-block-columns is-layout-flex wp-container-core-columns-is-layout-28f84493 wp-block-columns-is-layout-flex\">\n<div class=\"wp-block-column is-layout-flow wp-block-column-is-layout-flow\">\n<figure class=\"wp-block-image size-full is-resized\"><img loading=\"lazy\" decoding=\"async\" width=\"300\" height=\"313\" src=\"https:\/\/tso-industrieanlagen.de\/wp-content\/uploads\/2025\/11\/f_flexowell.jpg\" alt=\"Gro\u00dfer, cremefarbener Flexowell-Gurtf\u00f6rderer mit mehreren Antriebs- und Umlenkmodulen, montiert in einer Werkhalle und teilweise an einem Kran eingeh\u00e4ngt.\" class=\"wp-image-96\" style=\"width:388px;height:auto\" srcset=\"https:\/\/tso-industrieanlagen.de\/wp-content\/uploads\/2025\/11\/f_flexowell.jpg 300w, https:\/\/tso-industrieanlagen.de\/wp-content\/uploads\/2025\/11\/f_flexowell-288x300.jpg 288w\" sizes=\"auto, (max-width: 300px) 100vw, 300px\" \/><\/figure>\n<\/div>\n\n\n\n<div class=\"wp-block-column is-vertically-aligned-center is-layout-flow wp-block-column-is-layout-flow\">\n<p class=\"has-text-align-left\"><strong>Flexowellgurtf\u00f6rderer<\/strong><\/p>\n<\/div>\n<\/div>\n","protected":false},"excerpt":{"rendered":"<p>F\u00f6rdertechnik und Anlagenbau F\u00f6rderschnecken Trog- und Rohrschnecken zum Bef\u00f6rdern von Sch\u00fcttg\u00fctern. Gr\u00f6\u00dfen von bis und L\u00e4ngen bis zu Massive und langlebige Bauweise Trogschnecken Becherwerke Gurt- und Kettenbecherwerke. Gr\u00f6\u00dfen von bis und L\u00e4ngen bis zu Massive und langlebige Bauweise Kettenelevatoren Kettenelevatoren Trogkettenf\u00f6rderer Gr\u00f6\u00dfen von bis und L\u00e4ngen bis zu Massive und langlebige Bauweise Trogkettenf\u00f6rderer Bandanlagen \/ [&hellip;]<\/p>\n","protected":false},"author":1,"featured_media":0,"parent":0,"menu_order":0,"comment_status":"closed","ping_status":"closed","template":"","meta":{"footnotes":""},"class_list":["post-124","page","type-page","status-publish","hentry"],"_links":{"self":[{"href":"https:\/\/tso-industrieanlagen.de\/index.php\/wp-json\/wp\/v2\/pages\/124","targetHints":{"allow":["GET"]}}],"collection":[{"href":"https:\/\/tso-industrieanlagen.de\/index.php\/wp-json\/wp\/v2\/pages"}],"about":[{"href":"https:\/\/tso-industrieanlagen.de\/index.php\/wp-json\/wp\/v2\/types\/page"}],"author":[{"embeddable":true,"href":"https:\/\/tso-industrieanlagen.de\/index.php\/wp-json\/wp\/v2\/users\/1"}],"replies":[{"embeddable":true,"href":"https:\/\/tso-industrieanlagen.de\/index.php\/wp-json\/wp\/v2\/comments?post=124"}],"version-history":[{"count":8,"href":"https:\/\/tso-industrieanlagen.de\/index.php\/wp-json\/wp\/v2\/pages\/124\/revisions"}],"predecessor-version":[{"id":791,"href":"https:\/\/tso-industrieanlagen.de\/index.php\/wp-json\/wp\/v2\/pages\/124\/revisions\/791"}],"wp:attachment":[{"href":"https:\/\/tso-industrieanlagen.de\/index.php\/wp-json\/wp\/v2\/media?parent=124"}],"curies":[{"name":"wp","href":"https:\/\/api.w.org\/{rel}","templated":true}]}}