{"id":127,"date":"2025-11-17T10:39:56","date_gmt":"2025-11-17T09:39:56","guid":{"rendered":"https:\/\/tso-industrieanlagen.de\/?page_id=127"},"modified":"2026-02-27T13:18:12","modified_gmt":"2026-02-27T12:18:12","slug":"absperrsysteme","status":"publish","type":"page","link":"https:\/\/tso-industrieanlagen.de\/index.php\/absperrsysteme\/","title":{"rendered":"Absperrsysteme"},"content":{"rendered":"\n<figure class=\"wp-block-image size-full is-resized\"><img loading=\"lazy\" decoding=\"async\" width=\"603\" height=\"187\" src=\"https:\/\/tso-industrieanlagen.de\/wp-content\/uploads\/2025\/11\/tso1.png\" alt=\"Das Bild zeigt zwei industrielle Produktionsanlagen. Auf der linken Seite ist ein F\u00f6rderband zu sehen, das \u00fcber einen H\u00fcgel von Material f\u00fchrt, vermutlich Kalk oder ein anderes mineralisches Produkt. Im Hintergrund erkennt man eine gro\u00dfe Fabrikanlage. Auf der rechten Seite ist eine detaillierte Ansicht eines komplexen Maschinen- und F\u00f6rdersystems innerhalb einer Produktionshalle, das f\u00fcr die Verarbeitung und Handhabung von Materialien konzipiert ist. Diese Anlagen sind Teil eines modernen industriellen Prozesses zur Herstellung und Verarbeitung von Rohstoffen.\" class=\"wp-image-33\" style=\"width:800px;height:auto\" srcset=\"https:\/\/tso-industrieanlagen.de\/wp-content\/uploads\/2025\/11\/tso1.png 603w, https:\/\/tso-industrieanlagen.de\/wp-content\/uploads\/2025\/11\/tso1-300x93.png 300w\" sizes=\"auto, (max-width: 603px) 100vw, 603px\" \/><\/figure>\n\n\n\n<h2 class=\"wp-block-heading\">F\u00f6rdertechnik und Anlagenbau<\/h2>\n\n\n\n<p><strong>Absperrschieber<\/strong><\/p>\n\n\n\n<p>Absperrschieber mit abgedichteter Schieberplatte in flacher Bauform f\u00fcr den Einbau in Rohrleitungen. <\/p>\n\n\n\n<p>Standardm\u00e4\u00dfig in Gr\u00f6\u00dfen von 150 mm x 150 mm bis 600 mm x 600 mm und wahlweise pneumatisch, elektrisch oder h\u00e4ndisch verstellbar. Weitere Gr\u00f6\u00dfen auf Anfrage.<\/p>\n\n\n\n<p><strong>Zellenradschleusen<\/strong><\/p>\n\n\n\n<p>Zellenradschleusen zum Dosieren von Sch\u00fcttg\u00fctern oder zum Absperren von Rohrleitungen.<\/p>\n\n\n\n<p>Massive Bauweise mit einstellbaren und wechselbaren Dichtleisten.<\/p>\n\n\n\n<p>Standardm\u00e4\u00dfig in den Gr\u00f6\u00dfen 250 mm x 250 mm bis 500 mm x 500 mm mit Durchsatzleistungen bis zu 85 m\u00b3\/h. Weitere Gr\u00f6\u00dfen auf Anfrage.<\/p>\n\n\n\n<p>Optional in Atex-Ausf\u00fchrung.<\/p>\n\n\n\n<div class=\"wp-block-columns is-layout-flex wp-container-core-columns-is-layout-28f84493 wp-block-columns-is-layout-flex\">\n<div class=\"wp-block-column is-layout-flow wp-block-column-is-layout-flow\" style=\"flex-basis:66.66%\"><\/div>\n\n\n\n<div class=\"wp-block-column is-layout-flow wp-block-column-is-layout-flow\" style=\"flex-basis:33.33%\"><\/div>\n<\/div>\n\n\n\n<div class=\"wp-block-columns is-layout-flex wp-container-core-columns-is-layout-28f84493 wp-block-columns-is-layout-flex\">\n<div class=\"wp-block-column is-layout-flow wp-block-column-is-layout-flow\">\n<figure class=\"wp-block-image size-full is-resized\"><img loading=\"lazy\" decoding=\"async\" width=\"1964\" height=\"2560\" src=\"https:\/\/tso-industrieanlagen.de\/wp-content\/uploads\/2026\/02\/Schieber_pn-1-scaled.jpg\" alt=\"\" class=\"wp-image-785\" style=\"width:388px;height:auto\" srcset=\"https:\/\/tso-industrieanlagen.de\/wp-content\/uploads\/2026\/02\/Schieber_pn-1-scaled.jpg 1964w, https:\/\/tso-industrieanlagen.de\/wp-content\/uploads\/2026\/02\/Schieber_pn-1-230x300.jpg 230w, https:\/\/tso-industrieanlagen.de\/wp-content\/uploads\/2026\/02\/Schieber_pn-1-786x1024.jpg 786w, https:\/\/tso-industrieanlagen.de\/wp-content\/uploads\/2026\/02\/Schieber_pn-1-768x1001.jpg 768w, https:\/\/tso-industrieanlagen.de\/wp-content\/uploads\/2026\/02\/Schieber_pn-1-1178x1536.jpg 1178w, https:\/\/tso-industrieanlagen.de\/wp-content\/uploads\/2026\/02\/Schieber_pn-1-1571x2048.jpg 1571w\" sizes=\"auto, (max-width: 1964px) 100vw, 1964px\" \/><\/figure>\n<\/div>\n\n\n\n<div class=\"wp-block-column is-vertically-aligned-center is-layout-flow wp-block-column-is-layout-flow\">\n<p class=\"has-text-align-left\"><strong>Absperrschieber, pneumatisch bet\u00e4tigt<\/strong><\/p>\n<\/div>\n<\/div>\n\n\n\n<div class=\"wp-block-columns is-layout-flex wp-container-core-columns-is-layout-28f84493 wp-block-columns-is-layout-flex\">\n<div class=\"wp-block-column is-layout-flow wp-block-column-is-layout-flow\">\n<figure class=\"wp-block-image size-full is-resized\"><img loading=\"lazy\" decoding=\"async\" width=\"300\" height=\"186\" src=\"https:\/\/tso-industrieanlagen.de\/wp-content\/uploads\/2025\/11\/f_absperrschieber.jpg\" alt=\"Industriebauteile f\u00fcr Absperrsysteme in einer Werkhalle: links mehrere gro\u00dfe, wei\u00df lackierte Absperrschieber mit Antrieben, rechts gestapelte flache Metallmodule auf Paletten.\" class=\"wp-image-92\" style=\"width:388px;height:auto\"\/><\/figure>\n<\/div>\n\n\n\n<div class=\"wp-block-column is-vertically-aligned-center is-layout-flow wp-block-column-is-layout-flow\">\n<p class=\"has-text-align-left\"><strong>Absperrschieber \/ Zellenradschleusen<\/strong><\/p>\n<\/div>\n<\/div>\n\n\n\n<div class=\"wp-block-columns is-layout-flex wp-container-core-columns-is-layout-28f84493 wp-block-columns-is-layout-flex\">\n<div class=\"wp-block-column is-layout-flow wp-block-column-is-layout-flow\">\n<figure class=\"wp-block-image size-large\"><img loading=\"lazy\" decoding=\"async\" width=\"1024\" height=\"577\" src=\"https:\/\/tso-industrieanlagen.de\/wp-content\/uploads\/2025\/11\/20251118_152429-1024x577.jpg\" alt=\"\" class=\"wp-image-525\" srcset=\"https:\/\/tso-industrieanlagen.de\/wp-content\/uploads\/2025\/11\/20251118_152429-1024x577.jpg 1024w, https:\/\/tso-industrieanlagen.de\/wp-content\/uploads\/2025\/11\/20251118_152429-300x169.jpg 300w, https:\/\/tso-industrieanlagen.de\/wp-content\/uploads\/2025\/11\/20251118_152429-768x432.jpg 768w, https:\/\/tso-industrieanlagen.de\/wp-content\/uploads\/2025\/11\/20251118_152429-1536x865.jpg 1536w, https:\/\/tso-industrieanlagen.de\/wp-content\/uploads\/2025\/11\/20251118_152429-2048x1153.jpg 2048w\" sizes=\"auto, (max-width: 1024px) 100vw, 1024px\" \/><\/figure>\n<\/div>\n\n\n\n<div class=\"wp-block-column is-vertically-aligned-center is-layout-flow wp-block-column-is-layout-flow\">\n<p class=\"has-text-align-left\"><strong>Zellenradschleusen<\/strong><\/p>\n\n\n\n<p>-max. Gr\u00f6\u00dfe ca. 500&#215;800 mm<\/p>\n<\/div>\n<\/div>\n\n\n\n<div class=\"wp-block-columns is-layout-flex wp-container-core-columns-is-layout-28f84493 wp-block-columns-is-layout-flex\">\n<div class=\"wp-block-column is-layout-flow wp-block-column-is-layout-flow\">\n<figure class=\"wp-block-image size-large\"><img loading=\"lazy\" decoding=\"async\" width=\"1024\" height=\"818\" src=\"https:\/\/tso-industrieanlagen.de\/wp-content\/uploads\/2026\/01\/P2150008-1024x818.jpg\" alt=\"\" class=\"wp-image-572\" srcset=\"https:\/\/tso-industrieanlagen.de\/wp-content\/uploads\/2026\/01\/P2150008-1024x818.jpg 1024w, https:\/\/tso-industrieanlagen.de\/wp-content\/uploads\/2026\/01\/P2150008-300x240.jpg 300w, https:\/\/tso-industrieanlagen.de\/wp-content\/uploads\/2026\/01\/P2150008-768x614.jpg 768w, https:\/\/tso-industrieanlagen.de\/wp-content\/uploads\/2026\/01\/P2150008-1536x1227.jpg 1536w, https:\/\/tso-industrieanlagen.de\/wp-content\/uploads\/2026\/01\/P2150008.jpg 1712w\" sizes=\"auto, (max-width: 1024px) 100vw, 1024px\" \/><\/figure>\n<\/div>\n\n\n\n<div class=\"wp-block-column is-vertically-aligned-center is-layout-flow wp-block-column-is-layout-flow\">\n<p class=\"has-text-align-left\"><strong>Zellenradschleusen<\/strong><\/p>\n<\/div>\n<\/div>\n","protected":false},"excerpt":{"rendered":"<p>F\u00f6rdertechnik und Anlagenbau Absperrschieber Absperrschieber mit abgedichteter Schieberplatte in flacher Bauform f\u00fcr den Einbau in Rohrleitungen. Standardm\u00e4\u00dfig in Gr\u00f6\u00dfen von 150 mm x 150 mm bis 600 mm x 600 mm und wahlweise pneumatisch, elektrisch oder h\u00e4ndisch verstellbar. Weitere Gr\u00f6\u00dfen auf Anfrage. Zellenradschleusen Zellenradschleusen zum Dosieren von Sch\u00fcttg\u00fctern oder zum Absperren von Rohrleitungen. Massive Bauweise [&hellip;]<\/p>\n","protected":false},"author":1,"featured_media":0,"parent":0,"menu_order":0,"comment_status":"closed","ping_status":"closed","template":"","meta":{"footnotes":""},"class_list":["post-127","page","type-page","status-publish","hentry"],"_links":{"self":[{"href":"https:\/\/tso-industrieanlagen.de\/index.php\/wp-json\/wp\/v2\/pages\/127","targetHints":{"allow":["GET"]}}],"collection":[{"href":"https:\/\/tso-industrieanlagen.de\/index.php\/wp-json\/wp\/v2\/pages"}],"about":[{"href":"https:\/\/tso-industrieanlagen.de\/index.php\/wp-json\/wp\/v2\/types\/page"}],"author":[{"embeddable":true,"href":"https:\/\/tso-industrieanlagen.de\/index.php\/wp-json\/wp\/v2\/users\/1"}],"replies":[{"embeddable":true,"href":"https:\/\/tso-industrieanlagen.de\/index.php\/wp-json\/wp\/v2\/comments?post=127"}],"version-history":[{"count":15,"href":"https:\/\/tso-industrieanlagen.de\/index.php\/wp-json\/wp\/v2\/pages\/127\/revisions"}],"predecessor-version":[{"id":786,"href":"https:\/\/tso-industrieanlagen.de\/index.php\/wp-json\/wp\/v2\/pages\/127\/revisions\/786"}],"wp:attachment":[{"href":"https:\/\/tso-industrieanlagen.de\/index.php\/wp-json\/wp\/v2\/media?parent=127"}],"curies":[{"name":"wp","href":"https:\/\/api.w.org\/{rel}","templated":true}]}}