{"id":153,"date":"2025-11-17T11:14:17","date_gmt":"2025-11-17T10:14:17","guid":{"rendered":"https:\/\/tso-industrieanlagen.de\/?page_id=153"},"modified":"2026-02-27T11:22:30","modified_gmt":"2026-02-27T10:22:30","slug":"historie-2","status":"publish","type":"page","link":"https:\/\/tso-industrieanlagen.de\/index.php\/historie-2\/","title":{"rendered":"Historie"},"content":{"rendered":"\n<figure class=\"wp-block-image size-full is-resized\"><img loading=\"lazy\" decoding=\"async\" width=\"601\" height=\"186\" src=\"https:\/\/tso-industrieanlagen.de\/wp-content\/uploads\/2025\/11\/historie.jpg\" alt=\"\" class=\"wp-image-36\" style=\"width:800px;height:auto\" srcset=\"https:\/\/tso-industrieanlagen.de\/wp-content\/uploads\/2025\/11\/historie.jpg 601w, https:\/\/tso-industrieanlagen.de\/wp-content\/uploads\/2025\/11\/historie-300x93.jpg 300w\" sizes=\"auto, (max-width: 601px) 100vw, 601px\" \/><\/figure>\n\n\n\n<h2 class=\"wp-block-heading\">Historie<\/h2>\n\n\n\n<p><strong>1995:<\/strong><\/p>\n\n\n\n<p>Gr\u00fcndung der TSO Industrieanlagen Planung und Vertrieb GmbH<\/p>\n\n\n\n<p><strong>2002<\/strong>:<\/p>\n\n\n\n<p>Bau einer eigenen Fertigungshalle in Uehlfeld Produktionsfl\u00e4che 2.300 m\u00b2<br>Komplette Eigenfertigung im Bereich F\u00f6rdertechnik<\/p>\n\n\n\n<p><strong>2004:<\/strong><\/p>\n\n\n\n<p>Gr\u00fcndung des neuen Gesch\u00e4ftsbereiches Filtertechnik Herstellung von kompletten Filtersystemen f\u00fcr industrielle Anwendungen<br>Erweiterung der Gesch\u00e4ftsleitung durch Dr.-Ing. Martin Schwarzmeier<\/p>\n\n\n\n<p><strong>2008:<\/strong><\/p>\n\n\n\n<p>Umfassende Erweiterung der Fertigung durch Hallenanbau in Uehlfeld<br>Produktionsfl\u00e4che insgesamt 8.500 m\u00b2<br>Komplette Eigenfertigung im Bereich Filter- und F\u00f6rdertechnik<\/p>\n\n\n\n<p><strong>2010:<\/strong><\/p>\n\n\n\n<p>Inbetriebnahme der eigenen Pulverbeschichtungsanlage<\/p>\n\n\n\n<p>max. Teilegr\u00f6\u00dfe 6500x1900x2200 mm (LxBxH)<br>max. Teilegewicht 2000 kg<\/p>\n\n\n\n<figure class=\"wp-block-image size-full\"><img loading=\"lazy\" decoding=\"async\" width=\"605\" height=\"230\" src=\"https:\/\/tso-industrieanlagen.de\/wp-content\/uploads\/2025\/11\/head_aktuelles.jpg\" alt=\"\" class=\"wp-image-63\" srcset=\"https:\/\/tso-industrieanlagen.de\/wp-content\/uploads\/2025\/11\/head_aktuelles.jpg 605w, https:\/\/tso-industrieanlagen.de\/wp-content\/uploads\/2025\/11\/head_aktuelles-300x114.jpg 300w\" sizes=\"auto, (max-width: 605px) 100vw, 605px\" \/><\/figure>\n\n\n\n<p><strong>2020:<\/strong><\/p>\n\n\n\n<p>Separater Anbau an Produktionshalle mit u.A. Sozial- und Aufenthaltsr\u00e4umen<\/p>\n\n\n\n<p><strong>2025:<\/strong><\/p>\n\n\n\n<p>Anfang 2025 startet der Bau eines neuen B\u00fcrogeb\u00e4udes direkt an der Fertigungshalle in der Ludwig-Erhard-Str. 9.<\/p>\n\n\n\n<figure class=\"wp-block-image size-large\"><img loading=\"lazy\" decoding=\"async\" width=\"1024\" height=\"577\" src=\"https:\/\/tso-industrieanlagen.de\/wp-content\/uploads\/2026\/02\/Betrieb-Buerobau-5-1-1024x577.jpg\" alt=\"\" class=\"wp-image-770\" srcset=\"https:\/\/tso-industrieanlagen.de\/wp-content\/uploads\/2026\/02\/Betrieb-Buerobau-5-1-1024x577.jpg 1024w, https:\/\/tso-industrieanlagen.de\/wp-content\/uploads\/2026\/02\/Betrieb-Buerobau-5-1-300x169.jpg 300w, https:\/\/tso-industrieanlagen.de\/wp-content\/uploads\/2026\/02\/Betrieb-Buerobau-5-1-768x432.jpg 768w, https:\/\/tso-industrieanlagen.de\/wp-content\/uploads\/2026\/02\/Betrieb-Buerobau-5-1-1536x865.jpg 1536w, https:\/\/tso-industrieanlagen.de\/wp-content\/uploads\/2026\/02\/Betrieb-Buerobau-5-1-2048x1153.jpg 2048w\" sizes=\"auto, (max-width: 1024px) 100vw, 1024px\" \/><\/figure>\n\n\n\n<figure class=\"wp-block-image size-large\"><img loading=\"lazy\" decoding=\"async\" width=\"1024\" height=\"488\" src=\"https:\/\/tso-industrieanlagen.de\/wp-content\/uploads\/2026\/02\/Betrieb-Buerobau-31-1024x488.jpg\" alt=\"\" class=\"wp-image-766\" srcset=\"https:\/\/tso-industrieanlagen.de\/wp-content\/uploads\/2026\/02\/Betrieb-Buerobau-31-1024x488.jpg 1024w, https:\/\/tso-industrieanlagen.de\/wp-content\/uploads\/2026\/02\/Betrieb-Buerobau-31-300x143.jpg 300w, https:\/\/tso-industrieanlagen.de\/wp-content\/uploads\/2026\/02\/Betrieb-Buerobau-31-768x366.jpg 768w, https:\/\/tso-industrieanlagen.de\/wp-content\/uploads\/2026\/02\/Betrieb-Buerobau-31-1536x732.jpg 1536w, https:\/\/tso-industrieanlagen.de\/wp-content\/uploads\/2026\/02\/Betrieb-Buerobau-31-2048x975.jpg 2048w\" sizes=\"auto, (max-width: 1024px) 100vw, 1024px\" \/><\/figure>\n","protected":false},"excerpt":{"rendered":"<p>Historie 1995: Gr\u00fcndung der TSO Industrieanlagen Planung und Vertrieb GmbH 2002: Bau einer eigenen Fertigungshalle in Uehlfeld Produktionsfl\u00e4che 2.300 m\u00b2Komplette Eigenfertigung im Bereich F\u00f6rdertechnik 2004: Gr\u00fcndung des neuen Gesch\u00e4ftsbereiches Filtertechnik Herstellung von kompletten Filtersystemen f\u00fcr industrielle AnwendungenErweiterung der Gesch\u00e4ftsleitung durch Dr.-Ing. Martin Schwarzmeier 2008: Umfassende Erweiterung der Fertigung durch Hallenanbau in UehlfeldProduktionsfl\u00e4che insgesamt 8.500 m\u00b2Komplette [&hellip;]<\/p>\n","protected":false},"author":1,"featured_media":0,"parent":0,"menu_order":0,"comment_status":"closed","ping_status":"closed","template":"","meta":{"footnotes":""},"class_list":["post-153","page","type-page","status-publish","hentry"],"_links":{"self":[{"href":"https:\/\/tso-industrieanlagen.de\/index.php\/wp-json\/wp\/v2\/pages\/153","targetHints":{"allow":["GET"]}}],"collection":[{"href":"https:\/\/tso-industrieanlagen.de\/index.php\/wp-json\/wp\/v2\/pages"}],"about":[{"href":"https:\/\/tso-industrieanlagen.de\/index.php\/wp-json\/wp\/v2\/types\/page"}],"author":[{"embeddable":true,"href":"https:\/\/tso-industrieanlagen.de\/index.php\/wp-json\/wp\/v2\/users\/1"}],"replies":[{"embeddable":true,"href":"https:\/\/tso-industrieanlagen.de\/index.php\/wp-json\/wp\/v2\/comments?post=153"}],"version-history":[{"count":8,"href":"https:\/\/tso-industrieanlagen.de\/index.php\/wp-json\/wp\/v2\/pages\/153\/revisions"}],"predecessor-version":[{"id":772,"href":"https:\/\/tso-industrieanlagen.de\/index.php\/wp-json\/wp\/v2\/pages\/153\/revisions\/772"}],"wp:attachment":[{"href":"https:\/\/tso-industrieanlagen.de\/index.php\/wp-json\/wp\/v2\/media?parent=153"}],"curies":[{"name":"wp","href":"https:\/\/api.w.org\/{rel}","templated":true}]}}