{"id":155,"date":"2025-11-17T11:21:47","date_gmt":"2025-11-17T10:21:47","guid":{"rendered":"https:\/\/tso-industrieanlagen.de\/?page_id=155"},"modified":"2026-03-05T13:10:00","modified_gmt":"2026-03-05T12:10:00","slug":"impressum-2","status":"publish","type":"page","link":"https:\/\/tso-industrieanlagen.de\/index.php\/impressum-2\/","title":{"rendered":"Impressum"},"content":{"rendered":"\n<figure class=\"wp-block-image size-full is-resized\"><img loading=\"lazy\" decoding=\"async\" width=\"598\" height=\"185\" src=\"https:\/\/tso-industrieanlagen.de\/wp-content\/uploads\/2025\/11\/Kontakt-2.png\" alt=\"\" class=\"wp-image-158\" style=\"width:800px;height:auto\" srcset=\"https:\/\/tso-industrieanlagen.de\/wp-content\/uploads\/2025\/11\/Kontakt-2.png 598w, https:\/\/tso-industrieanlagen.de\/wp-content\/uploads\/2025\/11\/Kontakt-2-300x93.png 300w\" sizes=\"auto, (max-width: 598px) 100vw, 598px\" \/><\/figure>\n\n\n\n<h2 class=\"wp-block-heading\">Impressum<\/h2>\n\n\n\n<p><strong>Sitz der Gesellschaft: Uehlfeld<\/strong><\/p>\n\n\n\n<p><strong>TSO Industrieanlagen Planung und Vertrieb GmbH<\/strong><\/p>\n\n\n\n<p>Ludwig-Erhard-Stra\u00dfe 9<br>91486 Uehlfeld<\/p>\n\n\n\n<p>Tel. 09163 \/ 96 88 47<br>Fax: 09163 \/ 96 88 48<\/p>\n\n\n\n<p><a href=\"mailto:info@tso-trinkaus.de\">info@tso-trinkaus.de<\/a><br><a href=\"http:\/\/www.tso-trinkaus.de\">www.tso-trinkaus.de<\/a><\/p>\n\n\n\n<p><strong>Gesch\u00e4ftsf\u00fchrer:<\/strong><br>Dipl.Ing. (FH) Norbert Trinkaus<br>Dr. Ing. Martin Schwarzmeier<\/p>\n\n\n\n<p>Handelsregister Ingolstadt HRB 2041<br>Ust.-Ident-Nr.: DE 128588594<\/p>\n\n\n\n<p><strong>Rechtliche Hinweise<\/strong><\/p>\n\n\n\n<p>Die TSOGmbH beh\u00e4lt sich alle Rechte an der zur Gestaltung der Webpr\u00e4senz verwendeten Texte, Bilder, Grafiken und multimedialen Zus\u00e4tzen vor. Ferner unterliegen die erw\u00e4hnten Materialien weitgehendst dem Schutz des Urheberrechts, sowie anderer Schutzgesetze. Der Webauftritt kann auch Gestaltungselemente enthalten, die den Urheberrechten Dritter unterliegen.<br>Sofern nicht explizit angegeben, d\u00fcrfen Inhalte dieses Webauftritts ohne Genehmigung der TSO GmbH nicht zu kommerziellen Zwecken kopiert, verbreitet, ver\u00e4ndert oder Dritten zur Verf\u00fcgung gestellt werden.<\/p>\n\n\n\n<p><strong>Haftungsausschluss<\/strong><\/p>\n\n\n\n<p>Obwohl dieser Webauftritt mit gr\u00f6\u00dftm\u00f6glicher Sorgfalt und Gewissenhaftigkeit erstellt wurde, kann die TSO GmbH nicht f\u00fcr eine Fehlerfreiheit der dargebotenen Informationen garantieren. Die TSO GmbH schlie\u00dft jegliche Haftung f\u00fcr Sch\u00e4den, die direkt oder indirekt aus der Benutzung dieser Website entstehen, aus, soweit diese nicht auf Vorsatz oder grober Fahrl\u00e4ssigkeit der TSO GmbH oder von deren Erf\u00fcllungsgehilfen beruhen. Das Downloaden von Dateien und die \u00dcbermittlung pers\u00f6nlicher Daten erfolgt auf eigene Gefahr des Benutzers.<\/p>\n\n\n\n<p><strong>Datenschutzrechtlicher Hinweis<\/strong><\/p>\n\n\n\n<p>Die auf diesem Webauftritt hinterlassenen pers\u00f6nlichen Daten werden ausschlie\u00dflich zur \u00dcbersendung von Produktinformationen und Serviceangeboten gespeichert und verwendet.<br>Die TSO GmbH versichert, dass jegliche Angaben den geltenden datenschutzrechtlichen Bestimmungen entsprechend behandelt werden.<\/p>\n\n\n\n<p>Mit dem Urteil vom 12. Mai 1998 hat das Landgericht Hamburg entschieden, dass man durch die Bereitstellung eines Links zu externen Seiten die gelinkten Seiten gegebenenfalls mitzuverantworten hat. Dieses kann laut Landgericht Hamburg nur dadurch verhindert werden, dass man sich ausdr\u00fccklich von den dargebotenen Inhalten distanziert. Daher gilt f\u00fcr alle Links auf dieser Webseite, dass wir keinen Einfluss auf die Inhalte der gelinkten Seiten haben. Ferner distanzieren wir uns hiermit ausdr\u00fccklich von jeglichen Inhalten dieser Webseiten und machen uns ihre Inhalte nicht zu Eigen. Diese Erkl\u00e4rung gilt f\u00fcr alle Links und f\u00fcr alle Inhalte der Seiten, zu denen bei uns gelinkte Inhalte f\u00fchren.<\/p>\n","protected":false},"excerpt":{"rendered":"<p>Impressum Sitz der Gesellschaft: Uehlfeld TSO Industrieanlagen Planung und Vertrieb GmbH Ludwig-Erhard-Stra\u00dfe 991486 Uehlfeld Tel. 09163 \/ 96 88 47Fax: 09163 \/ 96 88 48 info@tso-trinkaus.dewww.tso-trinkaus.de Gesch\u00e4ftsf\u00fchrer:Dipl.Ing. (FH) Norbert TrinkausDr. Ing. Martin Schwarzmeier Handelsregister Ingolstadt HRB 2041Ust.-Ident-Nr.: DE 128588594 Rechtliche Hinweise Die TSOGmbH beh\u00e4lt sich alle Rechte an der zur Gestaltung der Webpr\u00e4senz verwendeten Texte, [&hellip;]<\/p>\n","protected":false},"author":1,"featured_media":0,"parent":0,"menu_order":0,"comment_status":"closed","ping_status":"closed","template":"","meta":{"footnotes":""},"class_list":["post-155","page","type-page","status-publish","hentry"],"_links":{"self":[{"href":"https:\/\/tso-industrieanlagen.de\/index.php\/wp-json\/wp\/v2\/pages\/155","targetHints":{"allow":["GET"]}}],"collection":[{"href":"https:\/\/tso-industrieanlagen.de\/index.php\/wp-json\/wp\/v2\/pages"}],"about":[{"href":"https:\/\/tso-industrieanlagen.de\/index.php\/wp-json\/wp\/v2\/types\/page"}],"author":[{"embeddable":true,"href":"https:\/\/tso-industrieanlagen.de\/index.php\/wp-json\/wp\/v2\/users\/1"}],"replies":[{"embeddable":true,"href":"https:\/\/tso-industrieanlagen.de\/index.php\/wp-json\/wp\/v2\/comments?post=155"}],"version-history":[{"count":3,"href":"https:\/\/tso-industrieanlagen.de\/index.php\/wp-json\/wp\/v2\/pages\/155\/revisions"}],"predecessor-version":[{"id":796,"href":"https:\/\/tso-industrieanlagen.de\/index.php\/wp-json\/wp\/v2\/pages\/155\/revisions\/796"}],"wp:attachment":[{"href":"https:\/\/tso-industrieanlagen.de\/index.php\/wp-json\/wp\/v2\/media?parent=155"}],"curies":[{"name":"wp","href":"https:\/\/api.w.org\/{rel}","templated":true}]}}