{"id":161,"date":"2025-11-17T11:24:56","date_gmt":"2025-11-17T10:24:56","guid":{"rendered":"https:\/\/tso-industrieanlagen.de\/?page_id=161"},"modified":"2026-01-23T16:34:41","modified_gmt":"2026-01-23T15:34:41","slug":"kontakt-und-standort","status":"publish","type":"page","link":"https:\/\/tso-industrieanlagen.de\/index.php\/kontakt-und-standort\/","title":{"rendered":"Kontakt und Standort"},"content":{"rendered":"\n<figure class=\"wp-block-image size-full is-resized\"><img loading=\"lazy\" decoding=\"async\" width=\"600\" height=\"185\" src=\"https:\/\/tso-industrieanlagen.de\/wp-content\/uploads\/2025\/11\/Kontakt-3.png\" alt=\"\" class=\"wp-image-162\" style=\"width:800px;height:auto\" srcset=\"https:\/\/tso-industrieanlagen.de\/wp-content\/uploads\/2025\/11\/Kontakt-3.png 600w, https:\/\/tso-industrieanlagen.de\/wp-content\/uploads\/2025\/11\/Kontakt-3-300x93.png 300w\" sizes=\"auto, (max-width: 600px) 100vw, 600px\" \/><\/figure>\n\n\n\n<h2 class=\"wp-block-heading\">Kontakt und Standort<\/h2>\n\n\n\n<p><strong>TSO Industrieanlagen Planung und Vertrieb GmbH<\/strong><\/p>\n\n\n\n<p>Ludwig-Erhard-Stra\u00dfe 9<br>91486 Uehlfeld<\/p>\n\n\n\n<p>Tel. +49 (0) 9163 \/ 96 88 47<br>Fax: +49 (0) 9163 \/ 96 88 48<\/p>\n\n\n\n<p><a href=\"mailto:info@tso-trinkaus.de\">info@tso-trinkaus.de<\/a><\/p>\n\n\n\n<p><strong>Anfahrtsbeschreibung:<\/strong><\/p>\n\n\n\n<figure class=\"wp-block-image size-full\"><img loading=\"lazy\" decoding=\"async\" width=\"423\" height=\"480\" src=\"https:\/\/tso-industrieanlagen.de\/wp-content\/uploads\/2025\/11\/anfahtsskizze2.jpg\" alt=\"\" class=\"wp-image-58\" srcset=\"https:\/\/tso-industrieanlagen.de\/wp-content\/uploads\/2025\/11\/anfahtsskizze2.jpg 423w, https:\/\/tso-industrieanlagen.de\/wp-content\/uploads\/2025\/11\/anfahtsskizze2-264x300.jpg 264w\" sizes=\"auto, (max-width: 423px) 100vw, 423px\" \/><\/figure>\n\n\n\n<p><strong>von H\u00f6chstadt an der Aisch kommend:<\/strong><br>Nach dem Ortseingang die erste Abfahrt rechts in den Aischtalweg einbiegen. Dem Aischtalweg mit der Linkskurve am Feuwerwehrhaus folgen. An der n\u00e4chsten Kreuzung (Am Schleifweg\/ Aischtalweg) geradeaus in die Ernst-Hombach Stra\u00dfe fahren. Nach wenigen Metern folgt rechts die Einfahrt in die Ludwig-Erhard-Stra\u00dfe. Der Weg zu TSO ist mit einem Schild markiert.<br>Das Firmengeb\u00e4ude befindet sich direkt vor Ihnen.<\/p>\n\n\n\n<p><strong>von Neustadt an der Aisch kommend:<\/strong><br>Kurz vor der Ortsausfahrt links in den Aischtalweg einbiegen. Dem Aischtalweg mit der Linkskurve am Feuwerwehrhaus folgen. An der n\u00e4chsten Kreuzung (Am Schleifweg\/ Aischtalweg) geradeaus in die Ernst-Hombach Stra\u00dfe fahren. Nach wenigen Metern folgt rechts die Einfahrt in die Ludwig-Erhard-Stra\u00dfe. Der Weg zu TSO ist mit einem Schild markiert.<br>Das Firmengeb\u00e4ude befindet sich direkt vor Ihnen.<\/p>\n","protected":false},"excerpt":{"rendered":"<p>Kontakt und Standort TSO Industrieanlagen Planung und Vertrieb GmbH Ludwig-Erhard-Stra\u00dfe 991486 Uehlfeld Tel. +49 (0) 9163 \/ 96 88 47Fax: +49 (0) 9163 \/ 96 88 48 info@tso-trinkaus.de Anfahrtsbeschreibung: von H\u00f6chstadt an der Aisch kommend:Nach dem Ortseingang die erste Abfahrt rechts in den Aischtalweg einbiegen. Dem Aischtalweg mit der Linkskurve am Feuwerwehrhaus folgen. An der [&hellip;]<\/p>\n","protected":false},"author":1,"featured_media":0,"parent":0,"menu_order":0,"comment_status":"closed","ping_status":"closed","template":"","meta":{"footnotes":""},"class_list":["post-161","page","type-page","status-publish","hentry"],"_links":{"self":[{"href":"https:\/\/tso-industrieanlagen.de\/index.php\/wp-json\/wp\/v2\/pages\/161","targetHints":{"allow":["GET"]}}],"collection":[{"href":"https:\/\/tso-industrieanlagen.de\/index.php\/wp-json\/wp\/v2\/pages"}],"about":[{"href":"https:\/\/tso-industrieanlagen.de\/index.php\/wp-json\/wp\/v2\/types\/page"}],"author":[{"embeddable":true,"href":"https:\/\/tso-industrieanlagen.de\/index.php\/wp-json\/wp\/v2\/users\/1"}],"replies":[{"embeddable":true,"href":"https:\/\/tso-industrieanlagen.de\/index.php\/wp-json\/wp\/v2\/comments?post=161"}],"version-history":[{"count":3,"href":"https:\/\/tso-industrieanlagen.de\/index.php\/wp-json\/wp\/v2\/pages\/161\/revisions"}],"predecessor-version":[{"id":701,"href":"https:\/\/tso-industrieanlagen.de\/index.php\/wp-json\/wp\/v2\/pages\/161\/revisions\/701"}],"wp:attachment":[{"href":"https:\/\/tso-industrieanlagen.de\/index.php\/wp-json\/wp\/v2\/media?parent=161"}],"curies":[{"name":"wp","href":"https:\/\/api.w.org\/{rel}","templated":true}]}}