{"id":388,"date":"2025-11-19T11:19:56","date_gmt":"2025-11-19T10:19:56","guid":{"rendered":"https:\/\/tso-industrieanlagen.de\/?page_id=388"},"modified":"2026-01-23T16:34:14","modified_gmt":"2026-01-23T15:34:14","slug":"industries","status":"publish","type":"page","link":"https:\/\/tso-industrieanlagen.de\/index.php\/en\/industries\/","title":{"rendered":"Industries"},"content":{"rendered":"\n<figure class=\"wp-block-image size-full is-resized\"><img loading=\"lazy\" decoding=\"async\" width=\"605\" height=\"230\" src=\"https:\/\/tso-industrieanlagen.de\/wp-content\/uploads\/2025\/11\/branchen.jpg\" alt=\"Collage aus f\u00fcnf Industrieaufnahmen: ein F\u00f6rderband mit Kran auf einer Baustelle, ein verzinkter Metallbeh\u00e4lter, ein modernes Industriegeb\u00e4ude mit Firmenlogo, ein Ausschnitt einer metallischen Anlagenkonstruktion und eine Anlage mit Silot\u00fcrmen und Au\u00dfentreppe.\" class=\"wp-image-61\" style=\"width:800px;height:auto\" srcset=\"https:\/\/tso-industrieanlagen.de\/wp-content\/uploads\/2025\/11\/branchen.jpg 605w, https:\/\/tso-industrieanlagen.de\/wp-content\/uploads\/2025\/11\/branchen-300x114.jpg 300w\" sizes=\"auto, (max-width: 605px) 100vw, 605px\" \/><\/figure>\n\n\n\n<h2 class=\"wp-block-heading\">Industries<\/h2>\n\n\n\n<p>We operate in the following industries:<\/p>\n\n\n\n<ul class=\"wp-block-list\">\n<li>Building materials industry<\/li>\n\n\n\n<li>Bio-organic industry<\/li>\n\n\n\n<li>Chemical industry<\/li>\n\n\n\n<li>Food industry<\/li>\n<\/ul>\n\n\n\n<p><\/p>\n\n\n\n<p><\/p>\n\n\n\n<p><\/p>\n","protected":false},"excerpt":{"rendered":"<p>Industries We operate in the following industries:<\/p>\n","protected":false},"author":1,"featured_media":0,"parent":0,"menu_order":0,"comment_status":"closed","ping_status":"closed","template":"wp-custom-template-page","meta":{"footnotes":""},"class_list":["post-388","page","type-page","status-publish","hentry"],"_links":{"self":[{"href":"https:\/\/tso-industrieanlagen.de\/index.php\/wp-json\/wp\/v2\/pages\/388","targetHints":{"allow":["GET"]}}],"collection":[{"href":"https:\/\/tso-industrieanlagen.de\/index.php\/wp-json\/wp\/v2\/pages"}],"about":[{"href":"https:\/\/tso-industrieanlagen.de\/index.php\/wp-json\/wp\/v2\/types\/page"}],"author":[{"embeddable":true,"href":"https:\/\/tso-industrieanlagen.de\/index.php\/wp-json\/wp\/v2\/users\/1"}],"replies":[{"embeddable":true,"href":"https:\/\/tso-industrieanlagen.de\/index.php\/wp-json\/wp\/v2\/comments?post=388"}],"version-history":[{"count":3,"href":"https:\/\/tso-industrieanlagen.de\/index.php\/wp-json\/wp\/v2\/pages\/388\/revisions"}],"predecessor-version":[{"id":700,"href":"https:\/\/tso-industrieanlagen.de\/index.php\/wp-json\/wp\/v2\/pages\/388\/revisions\/700"}],"wp:attachment":[{"href":"https:\/\/tso-industrieanlagen.de\/index.php\/wp-json\/wp\/v2\/media?parent=388"}],"curies":[{"name":"wp","href":"https:\/\/api.w.org\/{rel}","templated":true}]}}