{"id":460,"date":"2025-11-19T14:27:34","date_gmt":"2025-11-19T13:27:34","guid":{"rendered":"https:\/\/tso-industrieanlagen.de\/?page_id=460"},"modified":"2026-01-23T16:36:26","modified_gmt":"2026-01-23T15:36:26","slug":"plant-engineering","status":"publish","type":"page","link":"https:\/\/tso-industrieanlagen.de\/index.php\/en\/plant-engineering\/","title":{"rendered":"Plant Engineering"},"content":{"rendered":"\n<figure class=\"wp-block-image size-full is-resized\"><img loading=\"lazy\" decoding=\"async\" width=\"603\" height=\"187\" src=\"https:\/\/tso-industrieanlagen.de\/wp-content\/uploads\/2025\/11\/tso1.png\" alt=\"&quot;Das Bild zeigt zwei industrielle Produktionsanlagen. Auf der linken Seite ist ein F\u00f6rderband zu sehen, das \u00fcber einen H\u00fcgel von Material f\u00fchrt, vermutlich Kalk oder ein anderes mineralisches Produkt. Im Hintergrund erkennt man eine gro\u00dfe Fabrikanlage. Auf der rechten Seite ist eine detaillierte Ansicht eines komplexen Maschinen- und F\u00f6rdersystems innerhalb einer Produktionshalle, das f\u00fcr die Verarbeitung und Handhabung von Materialien konzipiert ist. Diese Anlagen sind Teil eines modernen industriellen Prozesses zur Herstellung und Verarbeitung von Rohstoffen.&quot;\" class=\"wp-image-33\" style=\"width:800px;height:auto\" srcset=\"https:\/\/tso-industrieanlagen.de\/wp-content\/uploads\/2025\/11\/tso1.png 603w, https:\/\/tso-industrieanlagen.de\/wp-content\/uploads\/2025\/11\/tso1-300x93.png 300w\" sizes=\"auto, (max-width: 603px) 100vw, 603px\" \/><\/figure>\n\n\n\n<h2 class=\"wp-block-heading\">Conveying Technology and Plant Engineering<\/h2>\n\n\n\n<p><strong>Plant Engineering<\/strong><\/p>\n\n\n\n<div class=\"wp-block-columns is-layout-flex wp-container-core-columns-is-layout-28f84493 wp-block-columns-is-layout-flex\">\n<div class=\"wp-block-column is-layout-flow wp-block-column-is-layout-flow\">\n<figure class=\"wp-block-image size-full is-resized\"><img loading=\"lazy\" decoding=\"async\" width=\"300\" height=\"369\" src=\"https:\/\/tso-industrieanlagen.de\/wp-content\/uploads\/2025\/11\/anlage_misch3.jpg\" alt=\"Das Bild zeigt eine industrielle Produktionsanlage mit einem hohen, mehrst\u00f6ckigen Geb\u00e4ude, das mehrere gro\u00dfe silberne silos an seiner Seite aufweist. Diese Silos sind farblich markiert, um sich visuell abzuheben. Die Fassade des Geb\u00e4udes weist gro\u00dfe Fensterfl\u00e4chen auf, die vermutlich B\u00fcros oder Verwaltungsr\u00e4ume beherbergen. Auf der unteren Ebene sind verschiedene Fahrzeuge zu sehen, die vor der Anlage geparkt sind.\" class=\"wp-image-105\" style=\"width:388px;height:auto\" srcset=\"https:\/\/tso-industrieanlagen.de\/wp-content\/uploads\/2025\/11\/anlage_misch3.jpg 300w, https:\/\/tso-industrieanlagen.de\/wp-content\/uploads\/2025\/11\/anlage_misch3-244x300.jpg 244w\" sizes=\"auto, (max-width: 300px) 100vw, 300px\" \/><\/figure>\n<\/div>\n\n\n\n<div class=\"wp-block-column is-vertically-aligned-center is-layout-flow wp-block-column-is-layout-flow\">\n<p class=\"has-text-align-left\"><strong>Mixing Plants<\/strong><\/p>\n\n\n\n<p>Complete mixing tower for the production of chemical construction materials.<\/p>\n\n\n\n<p>Throughput capacity: 30 t\/h<\/p>\n\n\n\n<p class=\"has-text-align-left\">Silo storage capacity: approx. 1500 t<\/p>\n<\/div>\n<\/div>\n\n\n\n<div class=\"wp-block-columns is-layout-flex wp-container-core-columns-is-layout-28f84493 wp-block-columns-is-layout-flex\">\n<div class=\"wp-block-column is-layout-flow wp-block-column-is-layout-flow\">\n<figure class=\"wp-block-image size-full is-resized\"><img loading=\"lazy\" decoding=\"async\" width=\"300\" height=\"330\" src=\"https:\/\/tso-industrieanlagen.de\/wp-content\/uploads\/2025\/11\/anlage_misch2.jpg\" alt=\"Gro\u00dfer Industriebau mit einem hohen Stahlger\u00fcst und mehreren vertikalen Silos; daneben steht ein Mobilkran, der an der Konstruktion arbeitet.\" class=\"wp-image-104\" style=\"width:388px;height:auto\" srcset=\"https:\/\/tso-industrieanlagen.de\/wp-content\/uploads\/2025\/11\/anlage_misch2.jpg 300w, https:\/\/tso-industrieanlagen.de\/wp-content\/uploads\/2025\/11\/anlage_misch2-273x300.jpg 273w\" sizes=\"auto, (max-width: 300px) 100vw, 300px\" \/><\/figure>\n<\/div>\n\n\n\n<div class=\"wp-block-column is-vertically-aligned-center is-layout-flow wp-block-column-is-layout-flow\">\n<p class=\"has-text-align-left\"><strong>Mixing Plants<\/strong><\/p>\n\n\n\n<p class=\"has-text-align-left\">Mixing tower in shell construction<\/p>\n<\/div>\n<\/div>\n\n\n\n<div class=\"wp-block-columns is-layout-flex wp-container-core-columns-is-layout-28f84493 wp-block-columns-is-layout-flex\">\n<div class=\"wp-block-column is-layout-flow wp-block-column-is-layout-flow\">\n<figure class=\"wp-block-image size-full is-resized\"><img loading=\"lazy\" decoding=\"async\" width=\"300\" height=\"404\" src=\"https:\/\/tso-industrieanlagen.de\/wp-content\/uploads\/2025\/11\/anlage_misch1.jpg\" alt=\"Hohes, helles Industriegeb\u00e4ude mit mehreren vertikalen Bauk\u00f6rpern und einem kleinen, vorragenden Kontrollraum; auf der Fassade ist der Firmenname sichtbar, unter einem klaren blauen Himmel.\" class=\"wp-image-103\" style=\"width:388px;height:auto\" srcset=\"https:\/\/tso-industrieanlagen.de\/wp-content\/uploads\/2025\/11\/anlage_misch1.jpg 300w, https:\/\/tso-industrieanlagen.de\/wp-content\/uploads\/2025\/11\/anlage_misch1-223x300.jpg 223w\" sizes=\"auto, (max-width: 300px) 100vw, 300px\" \/><\/figure>\n<\/div>\n\n\n\n<div class=\"wp-block-column is-vertically-aligned-center is-layout-flow wp-block-column-is-layout-flow\">\n<p class=\"has-text-align-left\"><strong>Mixing Plants<\/strong><\/p>\n\n\n\n<p>Complete finishing plaster plant for producing colored exterior plasters.<br>Special feature: Very low cleaning effort when changing products.<\/p>\n\n\n\n<p>Throughput capacity: 40 t\/h<br>Silo storage capacity: approx. 2500 t<\/p>\n<\/div>\n<\/div>\n\n\n\n<div class=\"wp-block-columns is-layout-flex wp-container-core-columns-is-layout-28f84493 wp-block-columns-is-layout-flex\">\n<div class=\"wp-block-column is-layout-flow wp-block-column-is-layout-flow\">\n<figure class=\"wp-block-image size-full is-resized\"><img loading=\"lazy\" decoding=\"async\" width=\"300\" height=\"186\" src=\"https:\/\/tso-industrieanlagen.de\/wp-content\/uploads\/2025\/11\/anlage_wiege1.jpg\" alt=\"Modernes Industriegeb\u00e4ude mit niedrigem Hallentrakt und einem hohen, silbergrauen Turm, auf dem ein Firmenlogo steht; im Vordergrund befinden sich Laderampen unter klarem Himmel.\" class=\"wp-image-90\" style=\"width:388px;height:auto\"\/><\/figure>\n<\/div>\n\n\n\n<div class=\"wp-block-column is-vertically-aligned-center is-layout-flow wp-block-column-is-layout-flow\">\n<p class=\"has-text-align-left\"><strong>Weighing and Dosing Systems<\/strong><\/p>\n<\/div>\n<\/div>\n\n\n\n<div class=\"wp-block-columns is-layout-flex wp-container-core-columns-is-layout-28f84493 wp-block-columns-is-layout-flex\">\n<div class=\"wp-block-column is-layout-flow wp-block-column-is-layout-flow\">\n<figure class=\"wp-block-image size-full is-resized\"><img loading=\"lazy\" decoding=\"async\" width=\"300\" height=\"186\" src=\"https:\/\/tso-industrieanlagen.de\/wp-content\/uploads\/2025\/11\/anlage_wiege2.jpg\" alt=\"Innenansicht einer industriellen Wiege- und Dosieranlage mit mehreren beschrifteten Silos an der Decke und einer zentralen Edelstahl-Wanne auf einer gelben Tr\u00e4gerkonstruktion.\" class=\"wp-image-91\" style=\"width:388px;height:auto\"\/><\/figure>\n<\/div>\n\n\n\n<div class=\"wp-block-column is-vertically-aligned-center is-layout-flow wp-block-column-is-layout-flow\">\n<p class=\"has-text-align-left\"><strong>Weighing and Dosing Systems<\/strong><\/p>\n\n\n\n<p class=\"has-text-align-left\">Silos and containers complete with supporting structures<\/p>\n\n\n\n<p class=\"has-text-align-left\"><\/p>\n<\/div>\n<\/div>\n\n\n\n<div class=\"wp-block-columns is-layout-flex wp-container-core-columns-is-layout-28f84493 wp-block-columns-is-layout-flex\">\n<div class=\"wp-block-column is-layout-flow wp-block-column-is-layout-flow\">\n<figure class=\"wp-block-image size-full is-resized\"><img loading=\"lazy\" decoding=\"async\" width=\"300\" height=\"361\" src=\"https:\/\/tso-industrieanlagen.de\/wp-content\/uploads\/2025\/11\/anlage_verlade.jpg\" alt=\"Au\u00dfenansicht einer Industrieanlage mit mehreren vertikalen Silorohren und einer seitlich verlaufenden Metallwendeltreppe, angebracht an einer hellen Stahlkonstruktion.\" class=\"wp-image-89\" style=\"width:388px;height:auto\" srcset=\"https:\/\/tso-industrieanlagen.de\/wp-content\/uploads\/2025\/11\/anlage_verlade.jpg 300w, https:\/\/tso-industrieanlagen.de\/wp-content\/uploads\/2025\/11\/anlage_verlade-249x300.jpg 249w\" sizes=\"auto, (max-width: 300px) 100vw, 300px\" \/><\/figure>\n<\/div>\n\n\n\n<div class=\"wp-block-column is-vertically-aligned-center is-layout-flow wp-block-column-is-layout-flow\">\n<p class=\"has-text-align-left\"><strong>Loading Systems<\/strong><\/p>\n<\/div>\n<\/div>\n","protected":false},"excerpt":{"rendered":"<p>Conveying Technology and Plant Engineering Plant Engineering Mixing Plants Complete mixing tower for the production of chemical construction materials. Throughput capacity: 30 t\/h Silo storage capacity: approx. 1500 t Mixing Plants Mixing tower in shell construction Mixing Plants Complete finishing plaster plant for producing colored exterior plasters.Special feature: Very low cleaning effort when changing products. [&hellip;]<\/p>\n","protected":false},"author":1,"featured_media":0,"parent":0,"menu_order":0,"comment_status":"closed","ping_status":"closed","template":"wp-custom-template-page","meta":{"footnotes":""},"class_list":["post-460","page","type-page","status-publish","hentry"],"_links":{"self":[{"href":"https:\/\/tso-industrieanlagen.de\/index.php\/wp-json\/wp\/v2\/pages\/460","targetHints":{"allow":["GET"]}}],"collection":[{"href":"https:\/\/tso-industrieanlagen.de\/index.php\/wp-json\/wp\/v2\/pages"}],"about":[{"href":"https:\/\/tso-industrieanlagen.de\/index.php\/wp-json\/wp\/v2\/types\/page"}],"author":[{"embeddable":true,"href":"https:\/\/tso-industrieanlagen.de\/index.php\/wp-json\/wp\/v2\/users\/1"}],"replies":[{"embeddable":true,"href":"https:\/\/tso-industrieanlagen.de\/index.php\/wp-json\/wp\/v2\/comments?post=460"}],"version-history":[{"count":4,"href":"https:\/\/tso-industrieanlagen.de\/index.php\/wp-json\/wp\/v2\/pages\/460\/revisions"}],"predecessor-version":[{"id":707,"href":"https:\/\/tso-industrieanlagen.de\/index.php\/wp-json\/wp\/v2\/pages\/460\/revisions\/707"}],"wp:attachment":[{"href":"https:\/\/tso-industrieanlagen.de\/index.php\/wp-json\/wp\/v2\/media?parent=460"}],"curies":[{"name":"wp","href":"https:\/\/api.w.org\/{rel}","templated":true}]}}