{"id":631,"date":"2026-01-06T10:24:42","date_gmt":"2026-01-06T09:24:42","guid":{"rendered":"https:\/\/tso-industrieanlagen.de\/?page_id=631"},"modified":"2026-04-10T13:00:16","modified_gmt":"2026-04-10T11:00:16","slug":"behaelter-stahlbau","status":"publish","type":"page","link":"https:\/\/tso-industrieanlagen.de\/index.php\/behaelter-stahlbau\/","title":{"rendered":"Beh\u00e4lter \/ Silos"},"content":{"rendered":"\n<figure class=\"wp-block-image size-full is-resized\"><img loading=\"lazy\" decoding=\"async\" width=\"603\" height=\"187\" src=\"https:\/\/tso-industrieanlagen.de\/wp-content\/uploads\/2025\/11\/tso1.png\" alt=\"Das Bild zeigt zwei industrielle Produktionsanlagen. Auf der linken Seite ist ein F\u00f6rderband zu sehen, das \u00fcber einen H\u00fcgel von Material f\u00fchrt, vermutlich Kalk oder ein anderes mineralisches Produkt. Im Hintergrund erkennt man eine gro\u00dfe Fabrikanlage. Auf der rechten Seite ist eine detaillierte Ansicht eines komplexen Maschinen- und F\u00f6rdersystems innerhalb einer Produktionshalle, das f\u00fcr die Verarbeitung und Handhabung von Materialien konzipiert ist. Diese Anlagen sind Teil eines modernen industriellen Prozesses zur Herstellung und Verarbeitung von Rohstoffen.\" class=\"wp-image-33\" style=\"width:800px;height:auto\" srcset=\"https:\/\/tso-industrieanlagen.de\/wp-content\/uploads\/2025\/11\/tso1.png 603w, https:\/\/tso-industrieanlagen.de\/wp-content\/uploads\/2025\/11\/tso1-300x93.png 300w\" sizes=\"auto, (max-width: 603px) 100vw, 603px\" \/><\/figure>\n\n\n\n<h2 class=\"wp-block-heading\">Beh\u00e4lterbau<\/h2>\n\n\n\n<p><\/p>\n\n\n\n<p>Ma\u00dfgeschneiderte Fertigung von Beh\u00e4ltern und Silos in diversen Ausf\u00fchrungen und Werkstoffen.<\/p>\n\n\n\n<p>Gepr\u00fcfte Schwei\u00dfer und moderne Fertigungstechnologien sorgen f\u00fcr hohe Qualit\u00e4t und Pr\u00e4zision.<\/p>\n\n\n\n<div class=\"wp-block-columns is-layout-flex wp-container-core-columns-is-layout-28f84493 wp-block-columns-is-layout-flex\">\n<div class=\"wp-block-column is-layout-flow wp-block-column-is-layout-flow\"><\/div>\n<\/div>\n\n\n\n<div class=\"wp-block-columns is-layout-flex wp-container-core-columns-is-layout-28f84493 wp-block-columns-is-layout-flex\">\n<div class=\"wp-block-column is-layout-flow wp-block-column-is-layout-flow\">\n<figure class=\"wp-block-image size-full is-resized\"><img loading=\"lazy\" decoding=\"async\" width=\"2560\" height=\"1920\" src=\"https:\/\/tso-industrieanlagen.de\/wp-content\/uploads\/2026\/01\/20190614_175257-scaled.jpg\" alt=\"\" class=\"wp-image-575\" style=\"width:388px;height:auto\" srcset=\"https:\/\/tso-industrieanlagen.de\/wp-content\/uploads\/2026\/01\/20190614_175257-scaled.jpg 2560w, https:\/\/tso-industrieanlagen.de\/wp-content\/uploads\/2026\/01\/20190614_175257-300x225.jpg 300w, https:\/\/tso-industrieanlagen.de\/wp-content\/uploads\/2026\/01\/20190614_175257-1024x768.jpg 1024w, https:\/\/tso-industrieanlagen.de\/wp-content\/uploads\/2026\/01\/20190614_175257-768x576.jpg 768w, https:\/\/tso-industrieanlagen.de\/wp-content\/uploads\/2026\/01\/20190614_175257-1536x1152.jpg 1536w, https:\/\/tso-industrieanlagen.de\/wp-content\/uploads\/2026\/01\/20190614_175257-2048x1536.jpg 2048w\" sizes=\"auto, (max-width: 2560px) 100vw, 2560px\" \/><\/figure>\n<\/div>\n\n\n\n<div class=\"wp-block-column is-vertically-aligned-center is-layout-flow wp-block-column-is-layout-flow\">\n<p class=\"has-text-align-left\"><strong>Beh\u00e4lter<\/strong><\/p>\n<\/div>\n<\/div>\n\n\n\n<div class=\"wp-block-columns is-layout-flex wp-container-core-columns-is-layout-28f84493 wp-block-columns-is-layout-flex\">\n<div class=\"wp-block-column is-layout-flow wp-block-column-is-layout-flow\">\n<figure class=\"wp-block-image size-full is-resized\"><img loading=\"lazy\" decoding=\"async\" width=\"2560\" height=\"1920\" src=\"https:\/\/tso-industrieanlagen.de\/wp-content\/uploads\/2026\/04\/20230923_111045-scaled.jpg\" alt=\"\" class=\"wp-image-854\" style=\"width:388px;height:auto\" srcset=\"https:\/\/tso-industrieanlagen.de\/wp-content\/uploads\/2026\/04\/20230923_111045-scaled.jpg 2560w, https:\/\/tso-industrieanlagen.de\/wp-content\/uploads\/2026\/04\/20230923_111045-300x225.jpg 300w, https:\/\/tso-industrieanlagen.de\/wp-content\/uploads\/2026\/04\/20230923_111045-1024x768.jpg 1024w, https:\/\/tso-industrieanlagen.de\/wp-content\/uploads\/2026\/04\/20230923_111045-768x576.jpg 768w, https:\/\/tso-industrieanlagen.de\/wp-content\/uploads\/2026\/04\/20230923_111045-1536x1152.jpg 1536w, https:\/\/tso-industrieanlagen.de\/wp-content\/uploads\/2026\/04\/20230923_111045-2048x1536.jpg 2048w\" sizes=\"auto, (max-width: 2560px) 100vw, 2560px\" \/><\/figure>\n<\/div>\n\n\n\n<div class=\"wp-block-column is-vertically-aligned-center is-layout-flow wp-block-column-is-layout-flow\">\n<p class=\"has-text-align-left\"><strong>Trichter<\/strong><\/p>\n<\/div>\n<\/div>\n","protected":false},"excerpt":{"rendered":"<p>Beh\u00e4lterbau Ma\u00dfgeschneiderte Fertigung von Beh\u00e4ltern und Silos in diversen Ausf\u00fchrungen und Werkstoffen. Gepr\u00fcfte Schwei\u00dfer und moderne Fertigungstechnologien sorgen f\u00fcr hohe Qualit\u00e4t und Pr\u00e4zision. Beh\u00e4lter Trichter<\/p>\n","protected":false},"author":2,"featured_media":0,"parent":0,"menu_order":0,"comment_status":"closed","ping_status":"closed","template":"","meta":{"footnotes":""},"class_list":["post-631","page","type-page","status-publish","hentry"],"_links":{"self":[{"href":"https:\/\/tso-industrieanlagen.de\/index.php\/wp-json\/wp\/v2\/pages\/631","targetHints":{"allow":["GET"]}}],"collection":[{"href":"https:\/\/tso-industrieanlagen.de\/index.php\/wp-json\/wp\/v2\/pages"}],"about":[{"href":"https:\/\/tso-industrieanlagen.de\/index.php\/wp-json\/wp\/v2\/types\/page"}],"author":[{"embeddable":true,"href":"https:\/\/tso-industrieanlagen.de\/index.php\/wp-json\/wp\/v2\/users\/2"}],"replies":[{"embeddable":true,"href":"https:\/\/tso-industrieanlagen.de\/index.php\/wp-json\/wp\/v2\/comments?post=631"}],"version-history":[{"count":7,"href":"https:\/\/tso-industrieanlagen.de\/index.php\/wp-json\/wp\/v2\/pages\/631\/revisions"}],"predecessor-version":[{"id":858,"href":"https:\/\/tso-industrieanlagen.de\/index.php\/wp-json\/wp\/v2\/pages\/631\/revisions\/858"}],"wp:attachment":[{"href":"https:\/\/tso-industrieanlagen.de\/index.php\/wp-json\/wp\/v2\/media?parent=631"}],"curies":[{"name":"wp","href":"https:\/\/api.w.org\/{rel}","templated":true}]}}