{"id":64,"date":"2025-11-14T16:00:56","date_gmt":"2025-11-14T15:00:56","guid":{"rendered":"https:\/\/tso-industrieanlagen.de\/?page_id=64"},"modified":"2026-02-27T12:51:50","modified_gmt":"2026-02-27T11:51:50","slug":"unternehmen-2","status":"publish","type":"page","link":"https:\/\/tso-industrieanlagen.de\/index.php\/unternehmen-2\/","title":{"rendered":"Unternehmen"},"content":{"rendered":"\n<figure class=\"wp-block-image size-full is-resized\"><img loading=\"lazy\" decoding=\"async\" width=\"601\" height=\"186\" src=\"https:\/\/tso-industrieanlagen.de\/wp-content\/uploads\/2025\/11\/unternehmen.jpg\" alt=\"\" class=\"wp-image-56\" style=\"width:800px;height:auto\" srcset=\"https:\/\/tso-industrieanlagen.de\/wp-content\/uploads\/2025\/11\/unternehmen.jpg 601w, https:\/\/tso-industrieanlagen.de\/wp-content\/uploads\/2025\/11\/unternehmen-300x93.jpg 300w\" sizes=\"auto, (max-width: 601px) 100vw, 601px\" \/><\/figure>\n\n\n\n<h2 class=\"wp-block-heading\">\u00dcber das Unternehmen<\/h2>\n\n\n\n<p>Als mittelst\u00e4ndisches Familienunternehmen plant und fertigt TSO seit mehr als 30 Jahren erfolgreich kundenspezifische L\u00f6sungen im Bereich Anlagenbau, Filter- und F\u00f6rdertechnik. Dabei zeichnen das Unternehmen eine hohe Eigenfertigungsquote und moderne Fertigungsprozesse aus. Zu den Kunden z\u00e4hlen weltweite Vertreter der Baustoffindustrie, der chemischen Industrie sowie der Lebensmittelindustrie. Unser familiengef\u00fchrtes Unternehmen besch\u00e4ftigt insgesamt etwa 20 Mitarbeiter sowohl im gewerblichen als auch im kaufm\u00e4nnischen Bereich.<\/p>\n\n\n\n<h4 class=\"wp-block-heading\">Modernste Technik mit:<\/h4>\n\n\n\n<ul class=\"wp-block-list\">\n<li>Laseranlage<\/li>\n\n\n\n<li>Pulverbeschichtungsanlage<\/li>\n\n\n\n<li>Schwei\u00dfroboter<\/li>\n\n\n\n<li>Plasmaschneidanlage<\/li>\n\n\n\n<li>CAM-Systemen<\/li>\n\n\n\n<li>CNC Maschinen<\/li>\n<\/ul>\n","protected":false},"excerpt":{"rendered":"<p>\u00dcber das Unternehmen Als mittelst\u00e4ndisches Familienunternehmen plant und fertigt TSO seit mehr als 30 Jahren erfolgreich kundenspezifische L\u00f6sungen im Bereich Anlagenbau, Filter- und F\u00f6rdertechnik. Dabei zeichnen das Unternehmen eine hohe Eigenfertigungsquote und moderne Fertigungsprozesse aus. Zu den Kunden z\u00e4hlen weltweite Vertreter der Baustoffindustrie, der chemischen Industrie sowie der Lebensmittelindustrie. Unser familiengef\u00fchrtes Unternehmen besch\u00e4ftigt insgesamt etwa [&hellip;]<\/p>\n","protected":false},"author":1,"featured_media":0,"parent":0,"menu_order":0,"comment_status":"closed","ping_status":"closed","template":"","meta":{"footnotes":""},"class_list":["post-64","page","type-page","status-publish","hentry"],"_links":{"self":[{"href":"https:\/\/tso-industrieanlagen.de\/index.php\/wp-json\/wp\/v2\/pages\/64","targetHints":{"allow":["GET"]}}],"collection":[{"href":"https:\/\/tso-industrieanlagen.de\/index.php\/wp-json\/wp\/v2\/pages"}],"about":[{"href":"https:\/\/tso-industrieanlagen.de\/index.php\/wp-json\/wp\/v2\/types\/page"}],"author":[{"embeddable":true,"href":"https:\/\/tso-industrieanlagen.de\/index.php\/wp-json\/wp\/v2\/users\/1"}],"replies":[{"embeddable":true,"href":"https:\/\/tso-industrieanlagen.de\/index.php\/wp-json\/wp\/v2\/comments?post=64"}],"version-history":[{"count":5,"href":"https:\/\/tso-industrieanlagen.de\/index.php\/wp-json\/wp\/v2\/pages\/64\/revisions"}],"predecessor-version":[{"id":774,"href":"https:\/\/tso-industrieanlagen.de\/index.php\/wp-json\/wp\/v2\/pages\/64\/revisions\/774"}],"wp:attachment":[{"href":"https:\/\/tso-industrieanlagen.de\/index.php\/wp-json\/wp\/v2\/media?parent=64"}],"curies":[{"name":"wp","href":"https:\/\/api.w.org\/{rel}","templated":true}]}}