{"id":807,"date":"2026-04-07T16:21:34","date_gmt":"2026-04-07T14:21:34","guid":{"rendered":"https:\/\/tso-industrieanlagen.de\/?page_id=807"},"modified":"2026-04-13T17:10:40","modified_gmt":"2026-04-13T15:10:40","slug":"kettenfoerderer","status":"publish","type":"page","link":"https:\/\/tso-industrieanlagen.de\/index.php\/kettenfoerderer\/","title":{"rendered":"Trogkettenf\u00f6rderer \/ Kratzerf\u00f6rderer"},"content":{"rendered":"\n<figure class=\"wp-block-image size-full is-resized\"><img loading=\"lazy\" decoding=\"async\" width=\"603\" height=\"187\" src=\"https:\/\/tso-industrieanlagen.de\/wp-content\/uploads\/2025\/11\/tso1.png\" alt=\"Das Bild zeigt zwei industrielle Produktionsanlagen. Auf der linken Seite ist ein F\u00f6rderband zu sehen, das \u00fcber einen H\u00fcgel von Material f\u00fchrt, vermutlich Kalk oder ein anderes mineralisches Produkt. Im Hintergrund erkennt man eine gro\u00dfe Fabrikanlage. Auf der rechten Seite ist eine detaillierte Ansicht eines komplexen Maschinen- und F\u00f6rdersystems innerhalb einer Produktionshalle, das f\u00fcr die Verarbeitung und Handhabung von Materialien konzipiert ist. Diese Anlagen sind Teil eines modernen industriellen Prozesses zur Herstellung und Verarbeitung von Rohstoffen.\" class=\"wp-image-33\" style=\"width:800px;height:auto\" srcset=\"https:\/\/tso-industrieanlagen.de\/wp-content\/uploads\/2025\/11\/tso1.png 603w, https:\/\/tso-industrieanlagen.de\/wp-content\/uploads\/2025\/11\/tso1-300x93.png 300w\" sizes=\"auto, (max-width: 603px) 100vw, 603px\" \/><\/figure>\n\n\n\n<h2 class=\"wp-block-heading\"><strong>Trogkettenf\u00f6rderer \/ Kratzerf\u00f6rderer<\/strong><\/h2>\n\n\n\n<p>Kettenf\u00f6rderer f\u00fcr den Transport von Sch\u00fcttg\u00fctern.<\/p>\n\n\n\n<p>Bei hohen F\u00f6rderleistungen, langen F\u00f6rderwegen und f\u00fcr schwere, grobk\u00f6rnige Materialien eignen sich unsere Kratzerf\u00f6rderer.<\/p>\n\n\n\n<p>Hierbei wird das Material mittels Mitnehmereisen an ein- oder zweistr\u00e4ngigen F\u00f6rderketten \u00fcber den Kratzerboden transportiert.<\/p>\n\n\n\n<p>Kratzerf\u00f6rderer eignen sich weiterhin f\u00fcr den Unterbau unter F\u00f6rderb\u00e4nder, um \u00fcberlaufendes\/abfallendes Material zu transportieren.<\/p>\n\n\n\n<p><\/p>\n\n\n\n<div class=\"wp-block-columns is-layout-flex wp-container-core-columns-is-layout-28f84493 wp-block-columns-is-layout-flex\">\n<div class=\"wp-block-column is-layout-flow wp-block-column-is-layout-flow\">\n<figure class=\"wp-block-image size-full is-resized\"><img loading=\"lazy\" decoding=\"async\" width=\"300\" height=\"186\" src=\"https:\/\/tso-industrieanlagen.de\/wp-content\/uploads\/2025\/11\/f_trogkettenfoerderer.jpg\" alt=\"Nahaufnahme mehrerer parallel angeordneter Trogkettenf\u00f6rderer aus hellem Metall, montiert unter einer gro\u00dfen Stahlkonstruktion.\" class=\"wp-image-98\" style=\"width:388px;height:auto\"\/><\/figure>\n<\/div>\n\n\n\n<div class=\"wp-block-column is-vertically-aligned-center is-layout-flow wp-block-column-is-layout-flow\">\n<p class=\"has-text-align-left\"><strong>Trogkettenf\u00f6rderer<\/strong><\/p>\n\n\n\n<p>als Austragssysteme unter Silos.<\/p>\n<\/div>\n<\/div>\n\n\n\n<div class=\"wp-block-columns is-layout-flex wp-container-core-columns-is-layout-28f84493 wp-block-columns-is-layout-flex\">\n<div class=\"wp-block-column is-vertically-aligned-center is-layout-flow wp-block-column-is-layout-flow\">\n<p class=\"has-text-align-left\">                                                       <strong>Kratzerf\u00f6rderer;<\/strong><br>                                                       CAD-Modell<\/p>\n<\/div>\n\n\n\n<div class=\"wp-block-column is-layout-flow wp-block-column-is-layout-flow\">\n<figure class=\"wp-block-image alignright size-full is-style-default wp-duotone-unset-1\"><img loading=\"lazy\" decoding=\"async\" width=\"1195\" height=\"672\" src=\"https:\/\/tso-industrieanlagen.de\/wp-content\/uploads\/2026\/04\/1775829800187-edited.png\" alt=\"\" class=\"wp-image-875\" srcset=\"https:\/\/tso-industrieanlagen.de\/wp-content\/uploads\/2026\/04\/1775829800187-edited.png 1195w, https:\/\/tso-industrieanlagen.de\/wp-content\/uploads\/2026\/04\/1775829800187-edited-300x169.png 300w, https:\/\/tso-industrieanlagen.de\/wp-content\/uploads\/2026\/04\/1775829800187-edited-1024x576.png 1024w, https:\/\/tso-industrieanlagen.de\/wp-content\/uploads\/2026\/04\/1775829800187-edited-768x432.png 768w\" sizes=\"auto, (max-width: 1195px) 100vw, 1195px\" \/><\/figure>\n<\/div>\n<\/div>\n\n\n\n<div class=\"wp-block-columns is-layout-flex wp-container-core-columns-is-layout-28f84493 wp-block-columns-is-layout-flex\">\n<div class=\"wp-block-column is-layout-flow wp-block-column-is-layout-flow\">\n<figure class=\"wp-block-image size-full is-resized\"><img loading=\"lazy\" decoding=\"async\" width=\"2560\" height=\"1920\" src=\"https:\/\/tso-industrieanlagen.de\/wp-content\/uploads\/2026\/04\/Trogkettenfoerderer-scaled.jpg\" alt=\"\" class=\"wp-image-872\" style=\"width:388px;height:auto\" srcset=\"https:\/\/tso-industrieanlagen.de\/wp-content\/uploads\/2026\/04\/Trogkettenfoerderer-scaled.jpg 2560w, https:\/\/tso-industrieanlagen.de\/wp-content\/uploads\/2026\/04\/Trogkettenfoerderer-300x225.jpg 300w, https:\/\/tso-industrieanlagen.de\/wp-content\/uploads\/2026\/04\/Trogkettenfoerderer-1024x768.jpg 1024w, https:\/\/tso-industrieanlagen.de\/wp-content\/uploads\/2026\/04\/Trogkettenfoerderer-768x576.jpg 768w, https:\/\/tso-industrieanlagen.de\/wp-content\/uploads\/2026\/04\/Trogkettenfoerderer-1536x1152.jpg 1536w, https:\/\/tso-industrieanlagen.de\/wp-content\/uploads\/2026\/04\/Trogkettenfoerderer-2048x1536.jpg 2048w\" sizes=\"auto, (max-width: 2560px) 100vw, 2560px\" \/><\/figure>\n<\/div>\n\n\n\n<div class=\"wp-block-column is-vertically-aligned-center is-layout-flow wp-block-column-is-layout-flow\">\n<p class=\"has-text-align-left\"><strong>Kratzerf\u00f6rderer<\/strong><\/p>\n\n\n\n<p><\/p>\n<\/div>\n<\/div>\n","protected":false},"excerpt":{"rendered":"<p>Trogkettenf\u00f6rderer \/ Kratzerf\u00f6rderer Kettenf\u00f6rderer f\u00fcr den Transport von Sch\u00fcttg\u00fctern. Bei hohen F\u00f6rderleistungen, langen F\u00f6rderwegen und f\u00fcr schwere, grobk\u00f6rnige Materialien eignen sich unsere Kratzerf\u00f6rderer. Hierbei wird das Material mittels Mitnehmereisen an ein- oder zweistr\u00e4ngigen F\u00f6rderketten \u00fcber den Kratzerboden transportiert. Kratzerf\u00f6rderer eignen sich weiterhin f\u00fcr den Unterbau unter F\u00f6rderb\u00e4nder, um \u00fcberlaufendes\/abfallendes Material zu transportieren. Trogkettenf\u00f6rderer als Austragssysteme [&hellip;]<\/p>\n","protected":false},"author":2,"featured_media":0,"parent":0,"menu_order":0,"comment_status":"closed","ping_status":"closed","template":"","meta":{"footnotes":""},"class_list":["post-807","page","type-page","status-publish","hentry"],"_links":{"self":[{"href":"https:\/\/tso-industrieanlagen.de\/index.php\/wp-json\/wp\/v2\/pages\/807","targetHints":{"allow":["GET"]}}],"collection":[{"href":"https:\/\/tso-industrieanlagen.de\/index.php\/wp-json\/wp\/v2\/pages"}],"about":[{"href":"https:\/\/tso-industrieanlagen.de\/index.php\/wp-json\/wp\/v2\/types\/page"}],"author":[{"embeddable":true,"href":"https:\/\/tso-industrieanlagen.de\/index.php\/wp-json\/wp\/v2\/users\/2"}],"replies":[{"embeddable":true,"href":"https:\/\/tso-industrieanlagen.de\/index.php\/wp-json\/wp\/v2\/comments?post=807"}],"version-history":[{"count":5,"href":"https:\/\/tso-industrieanlagen.de\/index.php\/wp-json\/wp\/v2\/pages\/807\/revisions"}],"predecessor-version":[{"id":877,"href":"https:\/\/tso-industrieanlagen.de\/index.php\/wp-json\/wp\/v2\/pages\/807\/revisions\/877"}],"wp:attachment":[{"href":"https:\/\/tso-industrieanlagen.de\/index.php\/wp-json\/wp\/v2\/media?parent=807"}],"curies":[{"name":"wp","href":"https:\/\/api.w.org\/{rel}","templated":true}]}}