{"id":808,"date":"2026-04-07T16:08:50","date_gmt":"2026-04-07T14:08:50","guid":{"rendered":"https:\/\/tso-industrieanlagen.de\/?page_id=808"},"modified":"2026-04-13T16:35:10","modified_gmt":"2026-04-13T14:35:10","slug":"forderschnecken","status":"publish","type":"page","link":"https:\/\/tso-industrieanlagen.de\/index.php\/forderschnecken\/","title":{"rendered":"F\u00f6rderschnecken"},"content":{"rendered":"\n<figure class=\"wp-block-image size-full is-resized\"><img loading=\"lazy\" decoding=\"async\" width=\"603\" height=\"187\" src=\"https:\/\/tso-industrieanlagen.de\/wp-content\/uploads\/2025\/11\/tso1.png\" alt=\"Das Bild zeigt zwei industrielle Produktionsanlagen. Auf der linken Seite ist ein F\u00f6rderband zu sehen, das \u00fcber einen H\u00fcgel von Material f\u00fchrt, vermutlich Kalk oder ein anderes mineralisches Produkt. Im Hintergrund erkennt man eine gro\u00dfe Fabrikanlage. Auf der rechten Seite ist eine detaillierte Ansicht eines komplexen Maschinen- und F\u00f6rdersystems innerhalb einer Produktionshalle, das f\u00fcr die Verarbeitung und Handhabung von Materialien konzipiert ist. Diese Anlagen sind Teil eines modernen industriellen Prozesses zur Herstellung und Verarbeitung von Rohstoffen.\" class=\"wp-image-33\" style=\"width:800px;height:auto\" srcset=\"https:\/\/tso-industrieanlagen.de\/wp-content\/uploads\/2025\/11\/tso1.png 603w, https:\/\/tso-industrieanlagen.de\/wp-content\/uploads\/2025\/11\/tso1-300x93.png 300w\" sizes=\"auto, (max-width: 603px) 100vw, 603px\" \/><\/figure>\n\n\n\n<h2 class=\"wp-block-heading\">F\u00f6rderschnecken<\/h2>\n\n\n\n<p>TSO F\u00f6rderschnecken kommen \u00fcberall dort zum Einsatz, wo ein sicheres, schnelles und staubfreies Transportieren von unterschiedlichsten Sch\u00fcttg\u00fctern ben\u00f6tigt wird.<\/p>\n\n\n\n<p>Trogf\u00f6rderschnecken bieten den Vorteil der leichten Zug\u00e4nglichkeit, Rohrschnecken dagegen sind besonders f\u00fcr die Steilf\u00f6rderung geeignet.<\/p>\n\n\n\n<p>Individuelle Ausf\u00fchrung der F\u00f6rderschnecke:<\/p>\n\n\n\n<p>Die Auswahl der Art und Gr\u00f6\u00dfe des Schneckenf\u00f6rderers und der Ein- und Ausl\u00e4ufe, des Antriebs und der Geometrie und Steigung der Schneckenfl\u00fcgel erfolgt passend zur individuellen Anforderung.<\/p>\n\n\n\n<p><\/p>\n\n\n\n<p>Standardausstattungen:<\/p>\n\n\n\n<ul class=\"wp-block-list\">\n<li>Einzell\u00e4ngen bis ca. 8,5m (mit Zwischenlagerungen h\u00f6here L\u00e4ngen m\u00f6glich)<\/li>\n\n\n\n<li>Gr\u00f6\u00dfen bis D800, F\u00f6rderleistungen bis zu ca 500 m\u00b3\/h<\/li>\n\n\n\n<li>Verschiedene Dichtungssysteme: Stopfbuche, Wellendichtring oder spezielle Dichtsysteme<\/li>\n\n\n\n<li>Antrieb direkt, mit Kupplung oder mit Ketten\u00fcbertrieb<\/li>\n\n\n\n<li>Form und Steigung (konstant \/ progressiv) der Schneckenfl\u00fcgel nach individuellen Anforderungen<\/li>\n\n\n\n<li>Drehzahl\u00fcberwachung<\/li>\n<\/ul>\n\n\n\n<p>Realisierte Sonderausstattungen (Auszug):<\/p>\n\n\n\n<ul class=\"wp-block-list\">\n<li>Edelstahlausf\u00fchrungen<\/li>\n\n\n\n<li>Sonderdichtungssysteme<\/li>\n\n\n\n<li>Verschlei\u00dfkonzepte: z.B. Beschichtete oder hartauftragsgeschwei\u00dfte Fl\u00e4chen f\u00fcr stark schlei\u00dfende Sch\u00fcttg\u00fcter, Auswahl verschlei\u00dfresistenter Werkstoffe<\/li>\n\n\n\n<li>Ausf\u00fchrung f\u00fcr den Ex-Bereich<\/li>\n\n\n\n<li>Polierte Schneckenfl\u00fcgel und Welle<\/li>\n\n\n\n<li>Ausf\u00fchrungen f\u00fcr den Betrieb im Au\u00dfenbereich<\/li>\n\n\n\n<li>Beheizte und Isolierte Aussenwand<\/li>\n\n\n\n<li>Wassergek\u00fchlte Aussenwand<\/li>\n\n\n\n<li>Hochtemperaturausf\u00fchrungen<\/li>\n\n\n\n<li>Drehzahlgesteuerte Antriebe<\/li>\n\n\n\n<li>Sonder-Fl\u00fcgelgestaltungen (z. B. verzahnt, abgesetzt, verschliffen, \u2026)<\/li>\n\n\n\n<li>Doppelschneckenf\u00f6rderer<\/li>\n<\/ul>\n\n\n\n<p><\/p>\n\n\n\n<p><\/p>\n\n\n\n<figure class=\"wp-block-image size-large\"><img loading=\"lazy\" decoding=\"async\" width=\"1024\" height=\"768\" src=\"https:\/\/tso-industrieanlagen.de\/wp-content\/uploads\/2026\/04\/trogschnecken_fertigung-1024x768.jpg\" alt=\"\" class=\"wp-image-838\" srcset=\"https:\/\/tso-industrieanlagen.de\/wp-content\/uploads\/2026\/04\/trogschnecken_fertigung-1024x768.jpg 1024w, https:\/\/tso-industrieanlagen.de\/wp-content\/uploads\/2026\/04\/trogschnecken_fertigung-300x225.jpg 300w, https:\/\/tso-industrieanlagen.de\/wp-content\/uploads\/2026\/04\/trogschnecken_fertigung-768x576.jpg 768w, https:\/\/tso-industrieanlagen.de\/wp-content\/uploads\/2026\/04\/trogschnecken_fertigung-1536x1152.jpg 1536w, https:\/\/tso-industrieanlagen.de\/wp-content\/uploads\/2026\/04\/trogschnecken_fertigung-2048x1536.jpg 2048w\" sizes=\"auto, (max-width: 1024px) 100vw, 1024px\" \/><\/figure>\n\n\n\n<p><\/p>\n\n\n\n<p><\/p>\n\n\n\n<div class=\"wp-block-columns is-layout-flex wp-container-core-columns-is-layout-28f84493 wp-block-columns-is-layout-flex\">\n<div class=\"wp-block-column is-layout-flow wp-block-column-is-layout-flow\">\n<figure class=\"wp-block-image size-full is-resized\"><img loading=\"lazy\" decoding=\"async\" width=\"300\" height=\"186\" src=\"https:\/\/tso-industrieanlagen.de\/wp-content\/uploads\/2025\/11\/f_trogschnecken.jpg\" alt=\"Lange, waagerecht montierte Trogschnecken aus hellem Metall, mit mehreren Antrieben und Aufh\u00e4ngungen, aufgebaut in einer gro\u00dfen Werkhalle.\" class=\"wp-image-99\" style=\"width:388px;height:auto\"\/><\/figure>\n<\/div>\n\n\n\n<div class=\"wp-block-column is-vertically-aligned-center is-layout-flow wp-block-column-is-layout-flow\">\n<p class=\"has-text-align-left\"><strong>Trogschnecken<\/strong><\/p>\n<\/div>\n<\/div>\n\n\n\n<figure class=\"wp-block-image size-large\"><img loading=\"lazy\" decoding=\"async\" width=\"1024\" height=\"577\" src=\"https:\/\/tso-industrieanlagen.de\/wp-content\/uploads\/2026\/02\/Trogschnecken-2-1024x577.jpg\" alt=\"\" class=\"wp-image-790\" srcset=\"https:\/\/tso-industrieanlagen.de\/wp-content\/uploads\/2026\/02\/Trogschnecken-2-1024x577.jpg 1024w, https:\/\/tso-industrieanlagen.de\/wp-content\/uploads\/2026\/02\/Trogschnecken-2-300x169.jpg 300w, https:\/\/tso-industrieanlagen.de\/wp-content\/uploads\/2026\/02\/Trogschnecken-2-768x432.jpg 768w, https:\/\/tso-industrieanlagen.de\/wp-content\/uploads\/2026\/02\/Trogschnecken-2-1536x865.jpg 1536w, https:\/\/tso-industrieanlagen.de\/wp-content\/uploads\/2026\/02\/Trogschnecken-2-2048x1153.jpg 2048w\" sizes=\"auto, (max-width: 1024px) 100vw, 1024px\" \/><\/figure>\n\n\n\n<div class=\"wp-block-columns are-vertically-aligned-center is-layout-flex wp-container-core-columns-is-layout-28f84493 wp-block-columns-is-layout-flex\">\n<div class=\"wp-block-column is-vertically-aligned-center is-layout-flow wp-block-column-is-layout-flow\">\n<p class=\"has-text-align-left\"><\/p>\n\n\n\n<div class=\"wp-block-media-text has-media-on-the-right is-stacked-on-mobile is-style-default\" style=\"grid-template-columns:auto 80%\"><div class=\"wp-block-media-text__content\">\n<p><strong>Doppelschnecke;<\/strong><\/p>\n\n\n\n<p><strong>CAD-Modell<\/strong><\/p>\n<\/div><figure class=\"wp-block-media-text__media\"><img loading=\"lazy\" decoding=\"async\" width=\"1195\" height=\"896\" src=\"https:\/\/tso-industrieanlagen.de\/wp-content\/uploads\/2026\/04\/1775825952659.png\" alt=\"\" class=\"wp-image-859 size-full\" srcset=\"https:\/\/tso-industrieanlagen.de\/wp-content\/uploads\/2026\/04\/1775825952659.png 1195w, https:\/\/tso-industrieanlagen.de\/wp-content\/uploads\/2026\/04\/1775825952659-300x225.png 300w, https:\/\/tso-industrieanlagen.de\/wp-content\/uploads\/2026\/04\/1775825952659-1024x768.png 1024w, https:\/\/tso-industrieanlagen.de\/wp-content\/uploads\/2026\/04\/1775825952659-768x576.png 768w\" sizes=\"auto, (max-width: 1195px) 100vw, 1195px\" \/><\/figure><\/div>\n<\/div>\n<\/div>\n\n\n\n<div class=\"wp-block-columns is-layout-flex wp-container-core-columns-is-layout-28f84493 wp-block-columns-is-layout-flex\">\n<div class=\"wp-block-column is-layout-flow wp-block-column-is-layout-flow\"><\/div>\n\n\n\n<div class=\"wp-block-column is-layout-flow wp-block-column-is-layout-flow\"><\/div>\n<\/div>\n\n\n\n<p><\/p>\n","protected":false},"excerpt":{"rendered":"<p>F\u00f6rderschnecken TSO F\u00f6rderschnecken kommen \u00fcberall dort zum Einsatz, wo ein sicheres, schnelles und staubfreies Transportieren von unterschiedlichsten Sch\u00fcttg\u00fctern ben\u00f6tigt wird. Trogf\u00f6rderschnecken bieten den Vorteil der leichten Zug\u00e4nglichkeit, Rohrschnecken dagegen sind besonders f\u00fcr die Steilf\u00f6rderung geeignet. Individuelle Ausf\u00fchrung der F\u00f6rderschnecke: Die Auswahl der Art und Gr\u00f6\u00dfe des Schneckenf\u00f6rderers und der Ein- und Ausl\u00e4ufe, des Antriebs und [&hellip;]<\/p>\n","protected":false},"author":2,"featured_media":0,"parent":0,"menu_order":0,"comment_status":"closed","ping_status":"closed","template":"","meta":{"footnotes":""},"class_list":["post-808","page","type-page","status-publish","hentry"],"_links":{"self":[{"href":"https:\/\/tso-industrieanlagen.de\/index.php\/wp-json\/wp\/v2\/pages\/808","targetHints":{"allow":["GET"]}}],"collection":[{"href":"https:\/\/tso-industrieanlagen.de\/index.php\/wp-json\/wp\/v2\/pages"}],"about":[{"href":"https:\/\/tso-industrieanlagen.de\/index.php\/wp-json\/wp\/v2\/types\/page"}],"author":[{"embeddable":true,"href":"https:\/\/tso-industrieanlagen.de\/index.php\/wp-json\/wp\/v2\/users\/2"}],"replies":[{"embeddable":true,"href":"https:\/\/tso-industrieanlagen.de\/index.php\/wp-json\/wp\/v2\/comments?post=808"}],"version-history":[{"count":12,"href":"https:\/\/tso-industrieanlagen.de\/index.php\/wp-json\/wp\/v2\/pages\/808\/revisions"}],"predecessor-version":[{"id":865,"href":"https:\/\/tso-industrieanlagen.de\/index.php\/wp-json\/wp\/v2\/pages\/808\/revisions\/865"}],"wp:attachment":[{"href":"https:\/\/tso-industrieanlagen.de\/index.php\/wp-json\/wp\/v2\/media?parent=808"}],"curies":[{"name":"wp","href":"https:\/\/api.w.org\/{rel}","templated":true}]}}