{"id":809,"date":"2026-04-07T16:17:44","date_gmt":"2026-04-07T14:17:44","guid":{"rendered":"https:\/\/tso-industrieanlagen.de\/?page_id=809"},"modified":"2026-04-13T16:38:40","modified_gmt":"2026-04-13T14:38:40","slug":"becherwerke","status":"publish","type":"page","link":"https:\/\/tso-industrieanlagen.de\/index.php\/becherwerke\/","title":{"rendered":"Ketten- \/ Gurtelevatoren (Becherwerke)"},"content":{"rendered":"\n<figure class=\"wp-block-image size-full is-resized\"><img loading=\"lazy\" decoding=\"async\" width=\"603\" height=\"187\" src=\"https:\/\/tso-industrieanlagen.de\/wp-content\/uploads\/2025\/11\/tso1.png\" alt=\"Das Bild zeigt zwei industrielle Produktionsanlagen. Auf der linken Seite ist ein F\u00f6rderband zu sehen, das \u00fcber einen H\u00fcgel von Material f\u00fchrt, vermutlich Kalk oder ein anderes mineralisches Produkt. Im Hintergrund erkennt man eine gro\u00dfe Fabrikanlage. Auf der rechten Seite ist eine detaillierte Ansicht eines komplexen Maschinen- und F\u00f6rdersystems innerhalb einer Produktionshalle, das f\u00fcr die Verarbeitung und Handhabung von Materialien konzipiert ist. Diese Anlagen sind Teil eines modernen industriellen Prozesses zur Herstellung und Verarbeitung von Rohstoffen.\" class=\"wp-image-33\" style=\"width:800px;height:auto\" srcset=\"https:\/\/tso-industrieanlagen.de\/wp-content\/uploads\/2025\/11\/tso1.png 603w, https:\/\/tso-industrieanlagen.de\/wp-content\/uploads\/2025\/11\/tso1-300x93.png 300w\" sizes=\"auto, (max-width: 603px) 100vw, 603px\" \/><\/figure>\n\n\n\n<h2 class=\"wp-block-heading\">Ketten- \/ Gurtelevatoren (Becherwerke)<\/h2>\n\n\n\n<p>TSO Becherwerke dienen der wirtschaftlichen Senkrechtf\u00f6rderung von Sch\u00fcttg\u00fctern, um gro\u00dfe H\u00f6henunterschiede zu \u00fcberbr\u00fccken.<\/p>\n\n\n\n<p>Individuelle Ausf\u00fchrung des Becherwerks:<\/p>\n\n\n\n<p>Die Auswahl der Art und Gr\u00f6\u00dfe des Becherwerks, die Anzahl und Form der Becher, sowie des Antriebs erfolgt passend zur individuellen Anforderung.<\/p>\n\n\n\n<p>Ausstattungen:<\/p>\n\n\n\n<ul class=\"wp-block-list\">\n<li>H\u00f6hen bis zu 50 m<\/li>\n\n\n\n<li>Gr\u00f6\u00dfen von DN160 bis DN630, F\u00f6rderleistungen bis zu ca 200 m\u00b3\/h<\/li>\n\n\n\n<li>Sch\u00e4chte schraubbar mit gro\u00dfz\u00fcgiger Wartungs\u00f6ffnung<\/li>\n\n\n\n<li>Inspektions- und Wartungs\u00f6ffnungen im Becherwerksfu\u00df und Becherwerkskopf<\/li>\n\n\n\n<li>Drehzahl\u00fcberwachung, F\u00fcllstands\u00fcberwachung und R\u00fccklaufsperre f\u00fcr erh\u00f6hte Sicherheit<\/li>\n\n\n\n<li>Automatische Spannvorrichtung mittels Gewichtsbelastung im Becherwerksfu\u00df.<\/li>\n\n\n\n<li>Optionale Wartungsb\u00fchne an Becherwerkskopf mit Aufstiegsleiter<\/li>\n\n\n\n<li>Unterschiedliche Ketten und Gurtvarianten, je nach Einsatzanforderung<\/li>\n\n\n\n<li>Unterschiedliche Becherformen, je nach Einsatzanforderung<\/li>\n<\/ul>\n\n\n\n<p><\/p>\n\n\n\n<div class=\"wp-block-columns is-layout-flex wp-container-core-columns-is-layout-28f84493 wp-block-columns-is-layout-flex\">\n<div class=\"wp-block-column is-layout-flow wp-block-column-is-layout-flow\"><\/div>\n\n\n\n<div class=\"wp-block-column is-vertically-aligned-center is-layout-flow wp-block-column-is-layout-flow\">\n<p class=\"has-text-align-left\"><\/p>\n<\/div>\n<\/div>\n\n\n\n<div class=\"wp-block-columns is-layout-flex wp-container-core-columns-is-layout-28f84493 wp-block-columns-is-layout-flex\">\n<div class=\"wp-block-column is-layout-flow wp-block-column-is-layout-flow\">\n<figure class=\"wp-block-image size-full is-resized\"><img loading=\"lazy\" decoding=\"async\" width=\"1712\" height=\"1368\" src=\"https:\/\/tso-industrieanlagen.de\/wp-content\/uploads\/2026\/01\/P6270016.jpg\" alt=\"\" class=\"wp-image-571\" style=\"width:388px;height:auto\" srcset=\"https:\/\/tso-industrieanlagen.de\/wp-content\/uploads\/2026\/01\/P6270016.jpg 1712w, https:\/\/tso-industrieanlagen.de\/wp-content\/uploads\/2026\/01\/P6270016-300x240.jpg 300w, https:\/\/tso-industrieanlagen.de\/wp-content\/uploads\/2026\/01\/P6270016-1024x818.jpg 1024w, https:\/\/tso-industrieanlagen.de\/wp-content\/uploads\/2026\/01\/P6270016-768x614.jpg 768w, https:\/\/tso-industrieanlagen.de\/wp-content\/uploads\/2026\/01\/P6270016-1536x1227.jpg 1536w\" sizes=\"auto, (max-width: 1712px) 100vw, 1712px\" \/><\/figure>\n<\/div>\n\n\n\n<div class=\"wp-block-column is-vertically-aligned-center is-layout-flow wp-block-column-is-layout-flow\">\n<p class=\"has-text-align-left\"><strong>Kettenelevatork\u00f6pfe<\/strong><\/p>\n<\/div>\n<\/div>\n\n\n\n<div class=\"wp-block-columns is-layout-flex wp-container-core-columns-is-layout-28f84493 wp-block-columns-is-layout-flex\">\n<div class=\"wp-block-column is-layout-flow wp-block-column-is-layout-flow\">\n<figure class=\"wp-block-image size-full is-resized\"><img loading=\"lazy\" decoding=\"async\" width=\"300\" height=\"346\" src=\"https:\/\/tso-industrieanlagen.de\/wp-content\/uploads\/2025\/11\/f_kettenelevator.jpg\" alt=\"\" class=\"wp-image-97\" style=\"width:388px;height:auto\" srcset=\"https:\/\/tso-industrieanlagen.de\/wp-content\/uploads\/2025\/11\/f_kettenelevator.jpg 300w, https:\/\/tso-industrieanlagen.de\/wp-content\/uploads\/2025\/11\/f_kettenelevator-260x300.jpg 260w\" sizes=\"auto, (max-width: 300px) 100vw, 300px\" \/><\/figure>\n<\/div>\n\n\n\n<div class=\"wp-block-column is-vertically-aligned-center is-layout-flow wp-block-column-is-layout-flow\">\n<p class=\"has-text-align-left\"><strong>Kettenelevatorkopf<\/strong><\/p>\n<\/div>\n<\/div>\n\n\n\n<div class=\"wp-block-columns is-layout-flex wp-container-core-columns-is-layout-28f84493 wp-block-columns-is-layout-flex\">\n<div class=\"wp-block-column is-vertically-aligned-center is-layout-flow wp-block-column-is-layout-flow\">\n<p class=\"has-text-align-left\">                                                   <strong>Kettenelevatorf\u00fc\u00dfe<\/strong><\/p>\n<\/div>\n\n\n\n<div class=\"wp-block-column is-layout-flow wp-block-column-is-layout-flow\">\n<figure class=\"wp-block-image size-full wp-duotone-unset-1\"><img loading=\"lazy\" decoding=\"async\" width=\"768\" height=\"1364\" src=\"https:\/\/tso-industrieanlagen.de\/wp-content\/uploads\/2026\/04\/1775731059023.png\" alt=\"\" class=\"wp-image-866\" srcset=\"https:\/\/tso-industrieanlagen.de\/wp-content\/uploads\/2026\/04\/1775731059023.png 768w, https:\/\/tso-industrieanlagen.de\/wp-content\/uploads\/2026\/04\/1775731059023-169x300.png 169w, https:\/\/tso-industrieanlagen.de\/wp-content\/uploads\/2026\/04\/1775731059023-577x1024.png 577w\" sizes=\"auto, (max-width: 768px) 100vw, 768px\" \/><\/figure>\n<\/div>\n<\/div>\n\n\n\n<div class=\"wp-block-columns are-vertically-aligned-center is-layout-flex wp-container-core-columns-is-layout-28f84493 wp-block-columns-is-layout-flex\">\n<div class=\"wp-block-column is-vertically-aligned-center is-layout-flow wp-block-column-is-layout-flow\">\n<figure class=\"wp-block-image size-full\"><img loading=\"lazy\" decoding=\"async\" width=\"2560\" height=\"1920\" src=\"https:\/\/tso-industrieanlagen.de\/wp-content\/uploads\/2026\/04\/kettenbecherwerk-3-scaled.jpg\" alt=\"\" class=\"wp-image-843\" srcset=\"https:\/\/tso-industrieanlagen.de\/wp-content\/uploads\/2026\/04\/kettenbecherwerk-3-scaled.jpg 2560w, https:\/\/tso-industrieanlagen.de\/wp-content\/uploads\/2026\/04\/kettenbecherwerk-3-300x225.jpg 300w, https:\/\/tso-industrieanlagen.de\/wp-content\/uploads\/2026\/04\/kettenbecherwerk-3-1024x768.jpg 1024w, https:\/\/tso-industrieanlagen.de\/wp-content\/uploads\/2026\/04\/kettenbecherwerk-3-768x576.jpg 768w, https:\/\/tso-industrieanlagen.de\/wp-content\/uploads\/2026\/04\/kettenbecherwerk-3-1536x1152.jpg 1536w, https:\/\/tso-industrieanlagen.de\/wp-content\/uploads\/2026\/04\/kettenbecherwerk-3-2048x1536.jpg 2048w\" sizes=\"auto, (max-width: 2560px) 100vw, 2560px\" \/><\/figure>\n<\/div>\n\n\n\n<div class=\"wp-block-column is-vertically-aligned-center is-layout-flow wp-block-column-is-layout-flow\">\n<p class=\"has-text-align-left\"><strong>Kettenelevatoren<\/strong><\/p>\n<\/div>\n<\/div>\n","protected":false},"excerpt":{"rendered":"<p>Ketten- \/ Gurtelevatoren (Becherwerke) TSO Becherwerke dienen der wirtschaftlichen Senkrechtf\u00f6rderung von Sch\u00fcttg\u00fctern, um gro\u00dfe H\u00f6henunterschiede zu \u00fcberbr\u00fccken. Individuelle Ausf\u00fchrung des Becherwerks: Die Auswahl der Art und Gr\u00f6\u00dfe des Becherwerks, die Anzahl und Form der Becher, sowie des Antriebs erfolgt passend zur individuellen Anforderung. Ausstattungen: Kettenelevatork\u00f6pfe Kettenelevatorkopf Kettenelevatorf\u00fc\u00dfe Kettenelevatoren<\/p>\n","protected":false},"author":2,"featured_media":0,"parent":0,"menu_order":0,"comment_status":"closed","ping_status":"closed","template":"","meta":{"footnotes":""},"class_list":["post-809","page","type-page","status-publish","hentry"],"_links":{"self":[{"href":"https:\/\/tso-industrieanlagen.de\/index.php\/wp-json\/wp\/v2\/pages\/809","targetHints":{"allow":["GET"]}}],"collection":[{"href":"https:\/\/tso-industrieanlagen.de\/index.php\/wp-json\/wp\/v2\/pages"}],"about":[{"href":"https:\/\/tso-industrieanlagen.de\/index.php\/wp-json\/wp\/v2\/types\/page"}],"author":[{"embeddable":true,"href":"https:\/\/tso-industrieanlagen.de\/index.php\/wp-json\/wp\/v2\/users\/2"}],"replies":[{"embeddable":true,"href":"https:\/\/tso-industrieanlagen.de\/index.php\/wp-json\/wp\/v2\/comments?post=809"}],"version-history":[{"count":5,"href":"https:\/\/tso-industrieanlagen.de\/index.php\/wp-json\/wp\/v2\/pages\/809\/revisions"}],"predecessor-version":[{"id":868,"href":"https:\/\/tso-industrieanlagen.de\/index.php\/wp-json\/wp\/v2\/pages\/809\/revisions\/868"}],"wp:attachment":[{"href":"https:\/\/tso-industrieanlagen.de\/index.php\/wp-json\/wp\/v2\/media?parent=809"}],"curies":[{"name":"wp","href":"https:\/\/api.w.org\/{rel}","templated":true}]}}